{"id":1657,"date":"2023-07-28T11:14:57","date_gmt":"2023-07-28T09:14:57","guid":{"rendered":"https:\/\/nicehairclinic.com\/trapianto-di-sopracciglia\/"},"modified":"2025-07-02T11:09:53","modified_gmt":"2025-07-02T09:09:53","slug":"innesto-del-sopracciglio","status":"publish","type":"page","link":"https:\/\/nicehairclinic.com\/it\/innesto-del-sopracciglio\/","title":{"rendered":"Trapianto di sopracciglia"},"content":{"rendered":"\n<div class=\"wp-block-cover alignfull\" style=\"min-height:500px;aspect-ratio:unset;\"><img loading=\"lazy\" decoding=\"async\" width=\"2000\" height=\"1333\" class=\"wp-block-cover__image-background wp-image-2481\" alt=\"Greffe de sourcils\" src=\"https:\/\/nicehairclinic.com\/wp-content\/uploads\/2023\/09\/beautiful-girl-face-perfect-skin-1-min.jpg\" style=\"object-position:45% 0%\" data-object-fit=\"cover\" data-object-position=\"45% 0%\" srcset=\"https:\/\/nicehairclinic.com\/wp-content\/uploads\/2023\/09\/beautiful-girl-face-perfect-skin-1-min.jpg 2000w, https:\/\/nicehairclinic.com\/wp-content\/uploads\/2023\/09\/beautiful-girl-face-perfect-skin-1-min-300x200.jpg 300w, https:\/\/nicehairclinic.com\/wp-content\/uploads\/2023\/09\/beautiful-girl-face-perfect-skin-1-min-1024x682.jpg 1024w, https:\/\/nicehairclinic.com\/wp-content\/uploads\/2023\/09\/beautiful-girl-face-perfect-skin-1-min-768x512.jpg 768w, https:\/\/nicehairclinic.com\/wp-content\/uploads\/2023\/09\/beautiful-girl-face-perfect-skin-1-min-1536x1024.jpg 1536w, https:\/\/nicehairclinic.com\/wp-content\/uploads\/2023\/09\/beautiful-girl-face-perfect-skin-1-min-930x620.jpg 930w\" sizes=\"auto, (max-width: 2000px) 100vw, 2000px\" \/><span aria-hidden=\"true\" class=\"wp-block-cover__background has-nv-dark-bg-background-color has-background-dim-60 has-background-dim\"><\/span><div class=\"wp-block-cover__inner-container is-layout-flow wp-block-cover-is-layout-flow\">\n<p class=\"has-nv-site-bg-color has-text-color has-link-color wp-elements-6e9945d351cffb70b8f6115e7fbad6a3\">La <strong>Clinique de la greffe de cheveux di Nizza<\/strong> \u00e8 lo specialista del <strong>trapianto di capelli a Nizza<\/strong>. Si tratta di una procedura di ripristino dei capelli che offre un barlume di speranza alle persone che soffrono di calvizie permanente, perdita di capelli diffusa o cicatrici.<\/p>\n\n\n\n<div style=\"height:100px\" aria-hidden=\"true\" class=\"wp-block-spacer\"><\/div>\n\n\n\n<div class=\"wp-block-group\"><div class=\"wp-block-group__inner-container is-layout-flow wp-block-group-is-layout-flow\">\n<h1 class=\"wp-block-heading has-text-align-left has-nv-site-bg-color has-text-color\">Trapianto di sopracciglia a Nizza<\/h1>\n<\/div><\/div>\n\n\n\n<div class=\"wp-block-buttons is-layout-flex wp-block-buttons-is-layout-flex\">\n<div class=\"wp-block-button is-style-secondary\"><a class=\"wp-block-button__link has-nv-site-bg-color has-text-color wp-element-button\" href=\"https:\/\/nicehairclinic.com\/it\/fissare-un-appuntamento\/\">FISSARE UN APPUNTAMENTO<\/a><\/div>\n<\/div>\n<\/div><\/div>\n\n<div class=\"wp-block-cover alignfull\" style=\"min-height:600px;aspect-ratio:unset;\"><span aria-hidden=\"true\" class=\"wp-block-cover__background has-nv-site-bg-background-color has-background-dim-100 has-background-dim\"><\/span><div class=\"wp-block-cover__inner-container is-layout-flow wp-block-cover-is-layout-flow\">\n<div style=\"height:100px\" aria-hidden=\"true\" class=\"wp-block-spacer\"><\/div>\n\n\n\n<p class=\"has-neve-text-color-color has-text-color\">Il trapianto di sopracciglia \u00e8 una procedura simile al trapianto di capelli, ma \u00e8 specificamente progettato per ripristinare, ridisegnare o aumentare la densit\u00e0 delle sopracciglia rade, mancanti o danneggiate. Questa tecnica sta diventando sempre pi\u00f9 popolare tra le persone che desiderano sopracciglia pi\u00f9 piene, meglio definite ed esteticamente pi\u00f9 gradevoli.<\/p>\n\n\n\n<div style=\"height:50px\" aria-hidden=\"true\" class=\"wp-block-spacer\"><\/div>\n\n\n\n<h2 class=\"wp-block-heading has-neve-text-color-color has-text-color has-large-font-size\">Trapianto di sopracciglia a Nizza<\/h2>\n\n\n\n<h3 class=\"wp-block-heading has-neve-text-color-color has-text-color has-link-color has-medium-font-size wp-elements-e92144399bb5f1c5eb47f2a8acf19946\">Nice Hair Clinic<\/h3>\n\n\n\n<p class=\"has-neve-text-color-color has-text-color\">Il trapianto di sopracciglia \u00e8 una procedura simile al trapianto di capelli, ma specificamente progettata per ripristinare o migliorare la densit\u00e0 delle sopracciglia. I follicoli piliferi vengono prelevati dall&#8217;area donatrice e impiantati con grande precisione nelle aree delle sopracciglia che necessitano di rafforzamento o ricrescita.<\/p>\n\n\n\n<h2 class=\"wp-block-heading has-neve-text-color-color has-text-color has-large-font-size\">Candidati ideali per il trapianto di sopracciglia<\/h2>\n\n\n\n<h3 class=\"wp-block-heading has-neve-text-color-color has-text-color has-link-color has-medium-font-size wp-elements-ef37c26292b398521f934bb0f6dea17e\">Specialista in trapianto di sopracciglia a Nizza<\/h3>\n\n\n\n<p class=\"has-neve-text-color-color has-text-color\">I candidati al trapianto di sopracciglia sono spesso persone che si sono sottoposte a una depilazione eccessiva, a lesioni o a condizioni mediche che comportano la perdita di capelli nelle sopracciglia. Il trapianto di sopracciglia pu\u00f2 essere preso in considerazione anche da chi desidera modificare la forma o lo spessore delle proprie sopracciglia per motivi estetici.<\/p>\n\n\n\n<h2 class=\"wp-block-heading has-neve-text-color-color has-text-color has-large-font-size\">Risultati dell&#8217;innesto di sopracciglia<\/h2>\n\n\n\n<h3 class=\"wp-block-heading has-neve-text-color-color has-text-color has-link-color has-medium-font-size wp-elements-5497518aa9fd7a7b9c4fb1569c5e7d7e\">Clinica dei trapianti a Nizza<\/h3>\n\n\n\n<p class=\"has-neve-text-color-color has-text-color\">I risultati del trapianto di sopracciglia sono generalmente molto soddisfacenti, poich\u00e9 i peli trapiantati ricrescono come sopracciglia naturali. I pazienti possono ottenere sopracciglia ben definite ed esteticamente gradevoli che incorniciano il viso in modo armonioso.<\/p>\n\n\n\n<h2 class=\"wp-block-heading has-nv-dark-bg-color has-text-color has-large-font-size\">Ecco come funziona di solito un trapianto di sopracciglia<\/h2>\n\n\n\n<ol class=\"wp-block-list has-nv-dark-bg-color has-text-color\">\n<li><strong>Consultazione:<\/strong> la procedura inizia con una consultazione con uno specialista del restauro dei capelli. Durante la consultazione, il professionista valuter\u00e0 lo stato delle sopracciglia, discuter\u00e0 le vostre aspettative e stabilir\u00e0 se siete un buon candidato per un trapianto di sopracciglia.<\/li>\n\n\n\n<li><strong>Estrazione del follicolo:<\/strong> i follicoli dei capelli vengono generalmente prelevati dall&#8217;area donatrice nella parte posteriore della testa. Per le sopracciglia, spesso si preferisce il metodo FUE, che consente di prelevare singolarmente i follicoli necessari. I follicoli dell&#8217;area donatrice vengono selezionati per la loro qualit\u00e0 e la loro capacit\u00e0 di produrre peli simili alle sopracciglia.<\/li>\n\n\n\n<li><strong>Preparazione dei follicoli:<\/strong> i follicoli prelevati vengono accuratamente selezionati e preparati per il trapianto. Le singole unit\u00e0 follicolari sono pulite e pronte per essere impiantate nella zona delle sopracciglia. <\/li>\n\n\n\n<li><strong>Trapianto:<\/strong> il chirurgo effettua piccole incisioni nella zona del sopracciglio, seguendo la forma naturale e il modello di crescita dei peli. I follicoli preparati vengono quindi impiantati uno ad uno in queste incisioni. L&#8217;obiettivo \u00e8 creare un aspetto naturale ed esteticamente gradevole.<\/li>\n\n\n\n<li><strong>Guarigione e ricrescita:<\/strong> come per altri interventi di trapianto, \u00e8 necessario un periodo di guarigione. I follicoli trapiantati attraverseranno una prima fase di riposo e poi i nuovi capelli inizieranno a ricrescere. I pazienti possono aspettarsi che i capelli trapiantati cadano inizialmente prima che inizi la ricrescita.<\/li>\n<\/ol>\n\n\n\n<p class=\"has-nv-dark-bg-color has-text-color\">Il trapianto di sopracciglia pu\u00f2 essere un&#8217;opzione eccellente per le persone con sopracciglia rade, mancanti o danneggiate. Pu\u00f2 ripristinare la fiducia in se stessi e migliorare l&#8217;estetica del viso.<\/p>\n\n\n\n<div style=\"height:100px\" aria-hidden=\"true\" class=\"wp-block-spacer\"><\/div>\n<\/div><\/div>\n<\/section>\n<article>\n\n<div class=\"wp-block-cover alignfull\" style=\"min-height:500px;aspect-ratio:unset;\"><span aria-hidden=\"true\" class=\"wp-block-cover__background has-nv-dark-bg-background-color has-background-dim-100 has-background-dim\"><\/span><div class=\"wp-block-cover__inner-container is-layout-flow wp-block-cover-is-layout-flow\">\n<div class=\"wp-block-columns are-vertically-aligned-center is-layout-flex wp-container-core-columns-is-layout-9d6595d7 wp-block-columns-is-layout-flex\">\n<div class=\"wp-block-column is-vertically-aligned-center is-layout-flow wp-block-column-is-layout-flow\" style=\"flex-basis:100%\">\n<h2 class=\"wp-block-heading has-text-align-center has-nv-text-dark-bg-color has-text-color has-large-font-size\">Fissate un appuntamento per un trapianto di sopracciglia a Nizza<\/h2>\n\n\n\n<p class=\"has-text-align-center has-nv-text-dark-bg-color has-text-color\">La prima consultazione per un trapianto di sopracciglia \u00e8 gratuita per determinare l&#8217;approccio migliore per le esigenze individuali.<\/p>\n\n\n\n<div style=\"height:20px\" aria-hidden=\"true\" class=\"wp-block-spacer\"><\/div>\n\n\n\n<div class=\"wp-block-buttons is-content-justification-center is-layout-flex wp-container-core-buttons-is-layout-16018d1d wp-block-buttons-is-layout-flex\">\n<div class=\"wp-block-button is-style-primary\"><a class=\"wp-block-button__link has-nv-site-bg-color has-text-color wp-element-button\" href=\"https:\/\/nicehairclinic.com\/it\/fissare-un-appuntamento\/\">FISSARE UN APPUNTAMENTO<\/a><\/div>\n<\/div>\n\n\n\n<div style=\"height:20px\" aria-hidden=\"true\" class=\"wp-block-spacer\"><\/div>\n<\/div>\n<\/div>\n<\/div><\/div>\n<\/article>\n<article>\n\n<div class=\"wp-block-cover alignfull\" style=\"min-height:420px;aspect-ratio:unset;\"><span aria-hidden=\"true\" class=\"wp-block-cover__background has-nv-site-bg-background-color has-background-dim-100 has-background-dim\"><\/span><div class=\"wp-block-cover__inner-container is-layout-flow wp-block-cover-is-layout-flow\">\n<div class=\"wp-block-cover alignfull\" style=\"min-height:420px;aspect-ratio:unset;\"><span aria-hidden=\"true\" class=\"wp-block-cover__background has-nv-site-bg-background-color has-background-dim-100 has-background-dim\"><\/span><div class=\"wp-block-cover__inner-container is-layout-flow wp-block-cover-is-layout-flow\">\n<div style=\"height:80px\" aria-hidden=\"true\" class=\"wp-block-spacer\"><\/div>\n\n\n\n<div class=\"wp-block-columns is-layout-flex wp-container-core-columns-is-layout-9d6595d7 wp-block-columns-is-layout-flex\">\n<div class=\"wp-block-column is-vertically-aligned-top is-layout-flow wp-block-column-is-layout-flow\">\n<div style=\"height:24px\" aria-hidden=\"true\" class=\"wp-block-spacer\"><\/div>\n\n\n<div class=\"wp-block-image icon-style is-style-rounded\">\n<figure class=\"aligncenter size-large is-resized\"><img decoding=\"async\" src=\"\/wp-content\/themes\/neve\/assets\/img\/starter-content\/icon-05.svg\" alt=\"Clinica telefonica per capelli\" style=\"width:42px;height:42px\"\/><\/figure>\n<\/div>\n\n\n<div style=\"height:20px\" aria-hidden=\"true\" class=\"wp-block-spacer\"><\/div>\n\n\n\n<p class=\"has-text-align-center has-neve-text-color-color has-text-color\" style=\"font-size:26px\"><strong>Chiamateci<\/strong><\/p>\n\n\n\n<p class=\"has-text-align-center has-neve-text-color-color has-text-color\" style=\"font-size:15px\"><a href=\"tel:+33627519642\" rel=\"nofollow\" onclick=\"gtag_report_conversion()\">+33(0) 6 27 51 96 42<\/a> | Da luned\u00ec a venerd\u00ec<\/p>\n\n\n\n<div style=\"height:24px\" aria-hidden=\"true\" class=\"wp-block-spacer\"><\/div>\n<\/div>\n\n\n\n<div class=\"wp-block-column is-layout-flow wp-block-column-is-layout-flow\">\n<div style=\"height:24px\" aria-hidden=\"true\" class=\"wp-block-spacer\"><\/div>\n\n\n<div class=\"wp-block-image icon-style is-style-rounded\">\n<figure class=\"aligncenter size-large is-resized\"><img decoding=\"async\" src=\"\/wp-content\/themes\/neve\/assets\/img\/starter-content\/icon-06.svg\" alt=\"Email clinica del capello\" style=\"width:42px;height:42px\"\/><\/figure>\n<\/div>\n\n\n<div style=\"height:20px\" aria-hidden=\"true\" class=\"wp-block-spacer\"><\/div>\n\n\n\n<p class=\"has-text-align-center has-neve-text-color-color has-text-color\" style=\"font-size:26px\"><strong>Inviare un&#8217;e-mail<\/strong><\/p>\n\n\n\n<p class=\"has-text-align-center has-neve-text-color-color has-text-color\"><a href=\"mailto:contact@nicehairclinic.com\">contact@nicehairclinic.com<\/a><\/p>\n\n\n\n<div style=\"height:24px\" aria-hidden=\"true\" class=\"wp-block-spacer\"><\/div>\n<\/div>\n\n\n\n<div class=\"wp-block-column is-layout-flow wp-block-column-is-layout-flow\">\n<div style=\"height:24px\" aria-hidden=\"true\" class=\"wp-block-spacer\"><\/div>\n\n\n<div class=\"wp-block-image icon-style is-style-rounded\">\n<figure class=\"aligncenter size-large is-resized\"><img decoding=\"async\" src=\"\/wp-content\/themes\/neve\/assets\/img\/starter-content\/icon-04.svg\" alt=\"Indirizzo clinica del capello\" style=\"width:42px;height:42px\"\/><\/figure>\n<\/div>\n\n\n<div style=\"height:20px\" aria-hidden=\"true\" class=\"wp-block-spacer\"><\/div>\n\n\n\n<p class=\"has-text-align-center has-neve-text-color-color has-text-color\" style=\"font-size:26px\"><strong>Visitare la clinica per il trapianto di capelli<\/strong><\/p>\n\n\n\n<p class=\"has-text-align-center has-neve-text-color-color has-text-color\" style=\"font-size:15px\"><a href=\"https:\/\/www.google.com\/maps\/place\/Nicehairclinic\/@43.6976824,7.264134,19.12z\/data=!3m1!5s0x12cdd00a16053165:0x7e396668b5ac663b!4m6!3m5!1s0x12cdd1934de6f03d:0x41aecbfd94a50232!8m2!3d43.697859!4d7.2640441!16s%2Fg%2F11l1kwq3fk?hl=en&amp;entry=ttu\" target=\"_blank\" rel=\"noreferrer noopener\">4 rue du docteur Barety, 06000 Nizza<\/a><\/p>\n\n\n\n<div style=\"height:24px\" aria-hidden=\"true\" class=\"wp-block-spacer\"><\/div>\n<\/div>\n<\/div>\n\n\n\n<div style=\"height:30px\" aria-hidden=\"true\" class=\"wp-block-spacer\"><\/div>\n<\/div><\/div>\n<\/div><\/div>\n<\/article>\n","protected":false},"excerpt":{"rendered":"","protected":false},"author":2,"featured_media":2484,"parent":0,"menu_order":0,"comment_status":"closed","ping_status":"closed","template":"","meta":{"_acf_changed":false,"neve_meta_sidebar":"","neve_meta_container":"","neve_meta_enable_content_width":"on","neve_meta_content_width":100,"neve_meta_title_alignment":"","neve_meta_author_avatar":"","neve_post_elements_order":"","neve_meta_disable_header":"","neve_meta_disable_footer":"","neve_meta_disable_title":"on","neve_meta_reading_time":"","footnotes":""},"class_list":["post-1657","page","type-page","status-publish","has-post-thumbnail","hentry"],"acf":[],"yoast_head":"<!-- This site is optimized with the Yoast SEO plugin v27.4 - https:\/\/yoast.com\/product\/yoast-seo-wordpress\/ -->\n<title>Trapianto di sopracciglia | Clinica Dr Sabatier di Nizza<\/title>\n<meta name=\"description\" content=\"Nice Hair Clinic: clinica per il trapianto di sopracciglia a Nizza. Consultazione iniziale gratuita. Fissate un appuntamento per ricevere consigli, trattamenti e soluzioni.\" \/>\n<meta name=\"robots\" content=\"index, follow, max-snippet:-1, max-image-preview:large, max-video-preview:-1\" \/>\n<link rel=\"canonical\" href=\"https:\/\/nicehairclinic.com\/it\/innesto-del-sopracciglio\/\" \/>\n<meta property=\"og:locale\" content=\"it_IT\" \/>\n<meta property=\"og:type\" content=\"article\" \/>\n<meta property=\"og:title\" content=\"Trapianto di sopracciglia | Clinica Dr Sabatier di Nizza\" \/>\n<meta property=\"og:description\" content=\"Nice Hair Clinic: clinica per il trapianto di sopracciglia a Nizza. Consultazione iniziale gratuita. Fissate un appuntamento per ricevere consigli, trattamenti e soluzioni.\" \/>\n<meta property=\"og:url\" content=\"https:\/\/nicehairclinic.com\/it\/innesto-del-sopracciglio\/\" \/>\n<meta property=\"og:site_name\" content=\"NICE HAIR CLINIC\" \/>\n<meta property=\"article:modified_time\" content=\"2025-07-02T09:09:53+00:00\" \/>\n<meta property=\"og:image\" content=\"https:\/\/nicehairclinic.com\/wp-content\/uploads\/2023\/09\/beautiful-girl-face-perfect-skin-1-min.jpg\" \/>\n\t<meta property=\"og:image:width\" content=\"2000\" \/>\n\t<meta property=\"og:image:height\" content=\"1333\" \/>\n\t<meta property=\"og:image:type\" content=\"image\/jpeg\" \/>\n<meta name=\"twitter:card\" content=\"summary_large_image\" \/>\n<meta name=\"twitter:label1\" content=\"Tempo di lettura stimato\" \/>\n\t<meta name=\"twitter:data1\" content=\"4 minuti\" \/>\n<script type=\"application\/ld+json\" class=\"yoast-schema-graph\">{\"@context\":\"https:\\\/\\\/schema.org\",\"@graph\":[{\"@type\":\"WebPage\",\"@id\":\"https:\\\/\\\/nicehairclinic.com\\\/it\\\/innesto-del-sopracciglio\\\/\",\"url\":\"https:\\\/\\\/nicehairclinic.com\\\/it\\\/innesto-del-sopracciglio\\\/\",\"name\":\"Trapianto di sopracciglia | Clinica Dr Sabatier di Nizza\",\"isPartOf\":{\"@id\":\"https:\\\/\\\/nicehairclinic.com\\\/it\\\/#website\"},\"primaryImageOfPage\":{\"@id\":\"https:\\\/\\\/nicehairclinic.com\\\/it\\\/innesto-del-sopracciglio\\\/#primaryimage\"},\"image\":{\"@id\":\"https:\\\/\\\/nicehairclinic.com\\\/it\\\/innesto-del-sopracciglio\\\/#primaryimage\"},\"thumbnailUrl\":\"https:\\\/\\\/nicehairclinic.com\\\/wp-content\\\/uploads\\\/2023\\\/09\\\/beautiful-girl-face-perfect-skin-1-min.jpg\",\"datePublished\":\"2023-07-28T09:14:57+00:00\",\"dateModified\":\"2025-07-02T09:09:53+00:00\",\"description\":\"Nice Hair Clinic: clinica per il trapianto di sopracciglia a Nizza. Consultazione iniziale gratuita. Fissate un appuntamento per ricevere consigli, trattamenti e soluzioni.\",\"breadcrumb\":{\"@id\":\"https:\\\/\\\/nicehairclinic.com\\\/it\\\/innesto-del-sopracciglio\\\/#breadcrumb\"},\"inLanguage\":\"it-IT\",\"potentialAction\":[{\"@type\":\"ReadAction\",\"target\":[\"https:\\\/\\\/nicehairclinic.com\\\/it\\\/innesto-del-sopracciglio\\\/\"]}]},{\"@type\":\"ImageObject\",\"inLanguage\":\"it-IT\",\"@id\":\"https:\\\/\\\/nicehairclinic.com\\\/it\\\/innesto-del-sopracciglio\\\/#primaryimage\",\"url\":\"https:\\\/\\\/nicehairclinic.com\\\/wp-content\\\/uploads\\\/2023\\\/09\\\/beautiful-girl-face-perfect-skin-1-min.jpg\",\"contentUrl\":\"https:\\\/\\\/nicehairclinic.com\\\/wp-content\\\/uploads\\\/2023\\\/09\\\/beautiful-girl-face-perfect-skin-1-min.jpg\",\"width\":2000,\"height\":1333,\"caption\":\"Greffe sourcils Nice\"},{\"@type\":\"BreadcrumbList\",\"@id\":\"https:\\\/\\\/nicehairclinic.com\\\/it\\\/innesto-del-sopracciglio\\\/#breadcrumb\",\"itemListElement\":[{\"@type\":\"ListItem\",\"position\":1,\"name\":\"Accueil\",\"item\":\"https:\\\/\\\/nicehairclinic.com\\\/it\\\/\"},{\"@type\":\"ListItem\",\"position\":2,\"name\":\"Trapianto di sopracciglia\"}]},{\"@type\":\"WebSite\",\"@id\":\"https:\\\/\\\/nicehairclinic.com\\\/it\\\/#website\",\"url\":\"https:\\\/\\\/nicehairclinic.com\\\/it\\\/\",\"name\":\"NICE HAIR CLINIC\",\"description\":\"\",\"publisher\":{\"@id\":\"https:\\\/\\\/nicehairclinic.com\\\/it\\\/#organization\"},\"potentialAction\":[{\"@type\":\"SearchAction\",\"target\":{\"@type\":\"EntryPoint\",\"urlTemplate\":\"https:\\\/\\\/nicehairclinic.com\\\/it\\\/?s={search_term_string}\"},\"query-input\":{\"@type\":\"PropertyValueSpecification\",\"valueRequired\":true,\"valueName\":\"search_term_string\"}}],\"inLanguage\":\"it-IT\"},{\"@type\":\"Organization\",\"@id\":\"https:\\\/\\\/nicehairclinic.com\\\/it\\\/#organization\",\"name\":\"NICE HAIR CLINIC\",\"url\":\"https:\\\/\\\/nicehairclinic.com\\\/it\\\/\",\"logo\":{\"@type\":\"ImageObject\",\"inLanguage\":\"it-IT\",\"@id\":\"https:\\\/\\\/nicehairclinic.com\\\/it\\\/#\\\/schema\\\/logo\\\/image\\\/\",\"url\":\"https:\\\/\\\/nicehairclinic.com\\\/wp-content\\\/uploads\\\/2023\\\/08\\\/logo2_blanc.png\",\"contentUrl\":\"https:\\\/\\\/nicehairclinic.com\\\/wp-content\\\/uploads\\\/2023\\\/08\\\/logo2_blanc.png\",\"width\":1024,\"height\":1024,\"caption\":\"NICE HAIR CLINIC\"},\"image\":{\"@id\":\"https:\\\/\\\/nicehairclinic.com\\\/it\\\/#\\\/schema\\\/logo\\\/image\\\/\"}}]}<\/script>\n<!-- \/ Yoast SEO plugin. -->","yoast_head_json":{"title":"Trapianto di sopracciglia | Clinica Dr Sabatier di Nizza","description":"Nice Hair Clinic: clinica per il trapianto di sopracciglia a Nizza. Consultazione iniziale gratuita. Fissate un appuntamento per ricevere consigli, trattamenti e soluzioni.","robots":{"index":"index","follow":"follow","max-snippet":"max-snippet:-1","max-image-preview":"max-image-preview:large","max-video-preview":"max-video-preview:-1"},"canonical":"https:\/\/nicehairclinic.com\/it\/innesto-del-sopracciglio\/","og_locale":"it_IT","og_type":"article","og_title":"Trapianto di sopracciglia | Clinica Dr Sabatier di Nizza","og_description":"Nice Hair Clinic: clinica per il trapianto di sopracciglia a Nizza. Consultazione iniziale gratuita. Fissate un appuntamento per ricevere consigli, trattamenti e soluzioni.","og_url":"https:\/\/nicehairclinic.com\/it\/innesto-del-sopracciglio\/","og_site_name":"NICE HAIR CLINIC","article_modified_time":"2025-07-02T09:09:53+00:00","og_image":[{"width":2000,"height":1333,"url":"https:\/\/nicehairclinic.com\/wp-content\/uploads\/2023\/09\/beautiful-girl-face-perfect-skin-1-min.jpg","type":"image\/jpeg"}],"twitter_card":"summary_large_image","twitter_misc":{"Tempo di lettura stimato":"4 minuti"},"schema":{"@context":"https:\/\/schema.org","@graph":[{"@type":"WebPage","@id":"https:\/\/nicehairclinic.com\/it\/innesto-del-sopracciglio\/","url":"https:\/\/nicehairclinic.com\/it\/innesto-del-sopracciglio\/","name":"Trapianto di sopracciglia | Clinica Dr Sabatier di Nizza","isPartOf":{"@id":"https:\/\/nicehairclinic.com\/it\/#website"},"primaryImageOfPage":{"@id":"https:\/\/nicehairclinic.com\/it\/innesto-del-sopracciglio\/#primaryimage"},"image":{"@id":"https:\/\/nicehairclinic.com\/it\/innesto-del-sopracciglio\/#primaryimage"},"thumbnailUrl":"https:\/\/nicehairclinic.com\/wp-content\/uploads\/2023\/09\/beautiful-girl-face-perfect-skin-1-min.jpg","datePublished":"2023-07-28T09:14:57+00:00","dateModified":"2025-07-02T09:09:53+00:00","description":"Nice Hair Clinic: clinica per il trapianto di sopracciglia a Nizza. Consultazione iniziale gratuita. Fissate un appuntamento per ricevere consigli, trattamenti e soluzioni.","breadcrumb":{"@id":"https:\/\/nicehairclinic.com\/it\/innesto-del-sopracciglio\/#breadcrumb"},"inLanguage":"it-IT","potentialAction":[{"@type":"ReadAction","target":["https:\/\/nicehairclinic.com\/it\/innesto-del-sopracciglio\/"]}]},{"@type":"ImageObject","inLanguage":"it-IT","@id":"https:\/\/nicehairclinic.com\/it\/innesto-del-sopracciglio\/#primaryimage","url":"https:\/\/nicehairclinic.com\/wp-content\/uploads\/2023\/09\/beautiful-girl-face-perfect-skin-1-min.jpg","contentUrl":"https:\/\/nicehairclinic.com\/wp-content\/uploads\/2023\/09\/beautiful-girl-face-perfect-skin-1-min.jpg","width":2000,"height":1333,"caption":"Greffe sourcils Nice"},{"@type":"BreadcrumbList","@id":"https:\/\/nicehairclinic.com\/it\/innesto-del-sopracciglio\/#breadcrumb","itemListElement":[{"@type":"ListItem","position":1,"name":"Accueil","item":"https:\/\/nicehairclinic.com\/it\/"},{"@type":"ListItem","position":2,"name":"Trapianto di sopracciglia"}]},{"@type":"WebSite","@id":"https:\/\/nicehairclinic.com\/it\/#website","url":"https:\/\/nicehairclinic.com\/it\/","name":"NICE HAIR CLINIC","description":"","publisher":{"@id":"https:\/\/nicehairclinic.com\/it\/#organization"},"potentialAction":[{"@type":"SearchAction","target":{"@type":"EntryPoint","urlTemplate":"https:\/\/nicehairclinic.com\/it\/?s={search_term_string}"},"query-input":{"@type":"PropertyValueSpecification","valueRequired":true,"valueName":"search_term_string"}}],"inLanguage":"it-IT"},{"@type":"Organization","@id":"https:\/\/nicehairclinic.com\/it\/#organization","name":"NICE HAIR CLINIC","url":"https:\/\/nicehairclinic.com\/it\/","logo":{"@type":"ImageObject","inLanguage":"it-IT","@id":"https:\/\/nicehairclinic.com\/it\/#\/schema\/logo\/image\/","url":"https:\/\/nicehairclinic.com\/wp-content\/uploads\/2023\/08\/logo2_blanc.png","contentUrl":"https:\/\/nicehairclinic.com\/wp-content\/uploads\/2023\/08\/logo2_blanc.png","width":1024,"height":1024,"caption":"NICE HAIR CLINIC"},"image":{"@id":"https:\/\/nicehairclinic.com\/it\/#\/schema\/logo\/image\/"}}]}},"_links":{"self":[{"href":"https:\/\/nicehairclinic.com\/it\/wp-json\/wp\/v2\/pages\/1657","targetHints":{"allow":["GET"]}}],"collection":[{"href":"https:\/\/nicehairclinic.com\/it\/wp-json\/wp\/v2\/pages"}],"about":[{"href":"https:\/\/nicehairclinic.com\/it\/wp-json\/wp\/v2\/types\/page"}],"author":[{"embeddable":true,"href":"https:\/\/nicehairclinic.com\/it\/wp-json\/wp\/v2\/users\/2"}],"replies":[{"embeddable":true,"href":"https:\/\/nicehairclinic.com\/it\/wp-json\/wp\/v2\/comments?post=1657"}],"version-history":[{"count":26,"href":"https:\/\/nicehairclinic.com\/it\/wp-json\/wp\/v2\/pages\/1657\/revisions"}],"predecessor-version":[{"id":9616,"href":"https:\/\/nicehairclinic.com\/it\/wp-json\/wp\/v2\/pages\/1657\/revisions\/9616"}],"wp:featuredmedia":[{"embeddable":true,"href":"https:\/\/nicehairclinic.com\/it\/wp-json\/wp\/v2\/media\/2484"}],"wp:attachment":[{"href":"https:\/\/nicehairclinic.com\/it\/wp-json\/wp\/v2\/media?parent=1657"}],"curies":[{"name":"wp","href":"https:\/\/api.w.org\/{rel}","templated":true}]}}