{"id":1614,"date":"2023-08-17T12:42:42","date_gmt":"2023-08-17T10:42:42","guid":{"rendered":"https:\/\/nicehairclinic.com\/le-nostre-tariffe\/"},"modified":"2025-07-04T16:48:23","modified_gmt":"2025-07-04T14:48:23","slug":"trapianto-di-capelli-prezzo","status":"publish","type":"page","link":"https:\/\/nicehairclinic.com\/it\/trapianto-di-capelli-prezzo\/","title":{"rendered":"Le nostre tariffe"},"content":{"rendered":"\n<div class=\"wp-block-cover alignfull has-x-large-font-size\" style=\"min-height:600px;aspect-ratio:unset;\"><img loading=\"lazy\" decoding=\"async\" width=\"1000\" height=\"667\" class=\"wp-block-cover__image-background wp-image-6181\" alt=\"Greffe de cheveux tarif\" src=\"https:\/\/nicehairclinic.com\/wp-content\/uploads\/2024\/08\/2149152777.jpg\" style=\"object-position:52% 27%\" data-object-fit=\"cover\" data-object-position=\"52% 27%\" srcset=\"https:\/\/nicehairclinic.com\/wp-content\/uploads\/2024\/08\/2149152777.jpg 1000w, https:\/\/nicehairclinic.com\/wp-content\/uploads\/2024\/08\/2149152777-300x200.jpg 300w, https:\/\/nicehairclinic.com\/wp-content\/uploads\/2024\/08\/2149152777-768x512.jpg 768w, https:\/\/nicehairclinic.com\/wp-content\/uploads\/2024\/08\/2149152777-930x620.jpg 930w, https:\/\/nicehairclinic.com\/wp-content\/uploads\/2024\/08\/2149152777-174x116.jpg 174w\" sizes=\"auto, (max-width: 1000px) 100vw, 1000px\" \/><span aria-hidden=\"true\" class=\"wp-block-cover__background has-neve-text-color-background-color has-background-dim-60 has-background-dim\"><\/span><div class=\"wp-block-cover__inner-container is-layout-constrained wp-block-cover-is-layout-constrained\">\n<p class=\"has-nv-site-bg-color has-text-color has-link-color wp-elements-0146a4f584295c49f6fb5d1095a068eb\" style=\"font-size:17px\">La <strong>Clinique de la greffe de cheveux di Nizza<\/strong> \u00e8 lo specialista del <strong>trapianto di capelli a Nizza<\/strong>. Si tratta di una procedura di ripristino dei capelli che offre un barlume di speranza alle persone che soffrono di calvizie permanente, perdita di capelli diffusa o cicatrici.<\/p>\n\n\n\n<div style=\"height:100px\" aria-hidden=\"true\" class=\"wp-block-spacer\"><\/div>\n\n\n\n<h1 class=\"wp-block-heading has-text-align-left\" style=\"font-size:70px\"><strong>Prezzo del trapianto di capelli a Nizza<\/strong><br\/><\/h1>\n<\/div><\/div>\n\n<div class=\"wp-block-cover alignfull has-nv-dark-bg-color has-text-color\" style=\"min-height:600px;aspect-ratio:unset;\"><span aria-hidden=\"true\" class=\"wp-block-cover__background has-nv-site-bg-background-color has-background-dim-100 has-background-dim\"><\/span><div class=\"wp-block-cover__inner-container is-layout-flow wp-block-cover-is-layout-flow\">\n<div class=\"wp-block-group\"><div class=\"wp-block-group__inner-container is-layout-constrained wp-block-group-is-layout-constrained\">\n<div style=\"height:60px\" aria-hidden=\"true\" class=\"wp-block-spacer\"><\/div>\n\n\n\n<h2 class=\"wp-block-heading has-large-font-size\">Trapianto di capelli di qualit\u00e0 a prezzi competitivi <strong>a Nizza<\/strong><\/h2>\n\n\n\n<h3 class=\"wp-block-heading has-medium-font-size\">Nice Hair Clinic<\/h3>\n\n\n\n<p>Molti pazienti francesi ed europei scelgono la Turchia come destinazione per il trapianto di capelli grazie ai suoi prezzi accessibili. Tuttavia, come in Francia, la scelta della qualit\u00e0 del servizio pu\u00f2 variare, poich\u00e9 prezzi troppo bassi possono compromettere l&#8217;affidabilit\u00e0 dei risultati.<\/p>\n\n\n\n<p>All&#8217;NHC comprendiamo le preoccupazioni dei nostri pazienti e ci impegniamo a offrire trapianti di capelli, barba e sopracciglia a prezzi competitivi. Il nostro centro di trapianto di capelli vi offre tariffe vantaggiose senza compromettere la qualit\u00e0 dei risultati, la quantit\u00e0 di impianti o l&#8217;alto livello di competenza dei nostri medici e chirurghi estetici.<\/p>\n\n\n\n<p>I nostri prezzi per il trapianto di capelli a Nizza partono da \u20ac 2000, comprensivi di tutti i costi, e sono personalizzati in base alle vostre specifiche esigenze. Non esitate a <a previewlistener=\"true\" href=\"https:\/\/nicehairclinic.com\/it\/fissare-un-appuntamento\/\">fissare un appuntamento<\/a> per un consulto diagnostico in videoconferenza per conoscere il costo esatto del vostro trapianto di capelli.<\/p>\n\n\n\n<div style=\"height:20px\" aria-hidden=\"true\" class=\"wp-block-spacer\"><\/div>\n\n\n\n<figure class=\"wp-block-table is-style-regular\"><table class=\"has-fixed-layout\"><tbody><tr><td><strong>Tipo di innesto<\/strong><\/td><td><strong>Tariffe<\/strong><\/td><\/tr><tr><td>Trapianto di capelli<\/td><td>A partire da \u20ac2.000<\/td><\/tr><tr><td>Trapianto di sopracciglia<\/td><td>A partire da \u20ac1.500<\/td><\/tr><tr><td>Trapianto di barba<\/td><td>A partire da \u20ac1.500<\/td><\/tr><\/tbody><\/table><\/figure>\n\n\n\n<div style=\"height:50px\" aria-hidden=\"true\" class=\"wp-block-spacer\"><\/div>\n<\/div><\/div>\n<\/div><\/div>\n\n<div class=\"wp-block-cover alignfull\"><span aria-hidden=\"true\" class=\"wp-block-cover__background has-nv-dark-bg-background-color has-background-dim-100 has-background-dim\"><\/span><div class=\"wp-block-cover__inner-container is-layout-flow wp-block-cover-is-layout-flow\">\n<div class=\"wp-block-columns is-layout-flex wp-container-core-columns-is-layout-9d6595d7 wp-block-columns-is-layout-flex\">\n<div class=\"wp-block-column is-layout-flow wp-block-column-is-layout-flow\" style=\"flex-basis:5%\"><\/div>\n\n\n\n<div class=\"wp-block-column is-layout-flow wp-block-column-is-layout-flow\" style=\"flex-basis:90%\">\n<h2 class=\"wp-block-heading has-text-align-center\" id=\"schedule-a-visit\" style=\"font-size:25px;line-height:1.15\"><strong>Fissate un appuntamento per il vostro trapianto di capelli a Nizza<\/strong><\/h2>\n\n\n<div  data-pre_filled=\"Salve, NICE HAIR CLINIC.\" data-style=\"8\" style=\"display: inline; cursor: pointer; z-index: 99999999; \" class=\"ht-ctc-sc ht-ctc-sc-chat sc-style-8 ht-ctc-inline\"><style>.ht-ctc-sc .ht-ctc-style-8 .s_8 svg{order:0;margin-right: 15px;}.ht-ctc-sc:hover svg g path{fill:#ffffff !important;}.ht-ctc-sc:hover .ht-ctc-s8-text{color:#ffffff !important;}.ht-ctc-sc:hover .ht-ctc-style-8 .s_8{box-shadow: 0 3px 3px 0 rgba(7,6,6,.14), 0 1px 7px 0 rgba(0,0,0,.12), 0 3px 1px -1px rgba(0,0,0,.2) !important; transition: .2s ease-out !important; background-color:#67d467 !important; }<\/style>\n  <div class=\"ht-ctc-style-8 ctc-analytics\" style=\"display: inline-block;  \" >\n    <span class=\"s_8 waves-effect waves-light ctc-analytics\" style=\"display: flex;padding: 0 2rem;letter-spacing: .5px;transition: .2s ease-out;text-align: center;justify-content: center;align-items: center;border-radius:2px;height:54px;line-height:54px;vertical-align:middle;box-shadow:0 2px 2px 0 rgba(0,0,0,.14), 0 1px 5px 0 rgba(0,0,0,.12), 0 3px 1px -2px rgba(0,0,0,.2);box-sizing:inherit;background-color:#25d366; \">\n      <svg style=\"display:block;\" height=\"28px\" version=\"1.1\" viewBox=\"0 0 509 512\" width=\"28px\">\n        <g fill=\"none\" fill-rule=\"evenodd\" id=\"Page-1\" stroke=\"none\" stroke-width=\"1\">\n            <path style=\"fill: #ffffff;\" d=\"M259.253137,0.00180389396 C121.502859,0.00180389396 9.83730687,111.662896 9.83730687,249.413175 C9.83730687,296.530232 22.9142299,340.597122 45.6254897,378.191325 L0.613226597,512.001804 L138.700183,467.787757 C174.430395,487.549184 215.522926,498.811168 259.253137,498.811168 C396.994498,498.811168 508.660049,387.154535 508.660049,249.415405 C508.662279,111.662896 396.996727,0.00180389396 259.253137,0.00180389396 L259.253137,0.00180389396 Z M259.253137,459.089875 C216.65782,459.089875 176.998957,446.313956 143.886359,424.41206 L63.3044195,450.21808 L89.4939401,372.345171 C64.3924908,337.776609 49.5608297,295.299463 49.5608297,249.406486 C49.5608297,133.783298 143.627719,39.7186378 259.253137,39.7186378 C374.871867,39.7186378 468.940986,133.783298 468.940986,249.406486 C468.940986,365.025215 374.874096,459.089875 259.253137,459.089875 Z M200.755924,146.247066 C196.715791,136.510165 193.62103,136.180176 187.380228,135.883632 C185.239759,135.781068 182.918689,135.682963 180.379113,135.682963 C172.338979,135.682963 164.002301,138.050856 158.97889,143.19021 C152.865178,149.44439 137.578667,164.09322 137.578667,194.171258 C137.578667,224.253755 159.487251,253.321759 162.539648,257.402027 C165.600963,261.477835 205.268745,324.111057 266.985579,349.682963 C315.157262,369.636141 329.460495,367.859106 340.450462,365.455539 C356.441543,361.9639 376.521811,350.186865 381.616571,335.917077 C386.711331,321.63837 386.711331,309.399797 385.184018,306.857991 C383.654475,304.305037 379.578667,302.782183 373.464955,299.716408 C367.351242,296.659552 337.288812,281.870254 331.68569,279.83458 C326.080339,277.796676 320.898622,278.418749 316.5887,284.378615 C310.639982,292.612729 304.918689,301.074268 300.180674,306.09099 C296.46161,310.02856 290.477218,310.577055 285.331175,308.389764 C278.564174,305.506821 259.516237,298.869139 236.160607,278.048627 C217.988923,261.847958 205.716906,241.83458 202.149458,235.711949 C198.582011,229.598236 201.835077,225.948292 204.584241,222.621648 C207.719135,218.824546 210.610997,216.097679 213.667853,212.532462 C216.724709,208.960555 218.432625,207.05866 220.470529,202.973933 C222.508433,198.898125 221.137195,194.690767 219.607652,191.629452 C218.07588,188.568136 205.835077,158.494558 200.755924,146.247066 Z\" \n            fill=\"#ffffff\" id=\"htwaicon-chat-sc\"\/>\n        <\/g>\n        <\/svg>\n      <span class=\"ht-ctc-s8-text s8_span ctc-analytics ctc_cta\" style=\"color:#ffffff; font-size: 18px; \">\n        Contactez-nous sur WhatsApp\n      <\/span>\n    <\/span>\n  <\/div>\n<\/div>\n<\/div>\n\n\n\n<div class=\"wp-block-column is-layout-flow wp-block-column-is-layout-flow\" style=\"flex-basis:5%\"><\/div>\n<\/div>\n<\/div><\/div>\n\n<div class=\"wp-block-cover alignfull\" style=\"min-height:420px;aspect-ratio:unset;\"><span aria-hidden=\"true\" class=\"wp-block-cover__background has-nv-site-bg-background-color has-background-dim-100 has-background-dim\"><\/span><div class=\"wp-block-cover__inner-container is-layout-flow wp-block-cover-is-layout-flow\">\n<div class=\"wp-block-cover alignfull\" style=\"min-height:420px;aspect-ratio:unset;\"><span aria-hidden=\"true\" class=\"wp-block-cover__background has-nv-site-bg-background-color has-background-dim-100 has-background-dim\"><\/span><div class=\"wp-block-cover__inner-container is-layout-flow wp-block-cover-is-layout-flow\">\n<div style=\"height:80px\" aria-hidden=\"true\" class=\"wp-block-spacer\"><\/div>\n\n\n\n<div class=\"wp-block-columns is-layout-flex wp-container-core-columns-is-layout-9d6595d7 wp-block-columns-is-layout-flex\">\n<div class=\"wp-block-column is-vertically-aligned-top is-layout-flow wp-block-column-is-layout-flow\">\n<div style=\"height:24px\" aria-hidden=\"true\" class=\"wp-block-spacer\"><\/div>\n\n\n<div class=\"wp-block-image icon-style is-style-rounded\">\n<figure class=\"aligncenter size-large is-resized\"><img decoding=\"async\" src=\"\/wp-content\/themes\/neve\/assets\/img\/starter-content\/icon-05.svg\" alt=\"Clinica telefonica per capelli\" style=\"width:42px;height:42px\"\/><\/figure>\n<\/div>\n\n\n<div style=\"height:20px\" aria-hidden=\"true\" class=\"wp-block-spacer\"><\/div>\n\n\n\n<p class=\"has-text-align-center has-neve-text-color-color has-text-color\" style=\"font-size:26px\"><strong>Chiamateci<\/strong><\/p>\n\n\n\n<p class=\"has-text-align-center has-neve-text-color-color has-text-color\" style=\"font-size:15px\"><a href=\"tel:+33627519642\" rel=\"nofollow\" onclick=\"gtag_report_conversion()\">+33(0) 6 27 51 96 42<\/a> | Da luned\u00ec a venerd\u00ec<\/p>\n\n\n\n<div style=\"height:24px\" aria-hidden=\"true\" class=\"wp-block-spacer\"><\/div>\n<\/div>\n\n\n\n<div class=\"wp-block-column is-layout-flow wp-block-column-is-layout-flow\">\n<div style=\"height:24px\" aria-hidden=\"true\" class=\"wp-block-spacer\"><\/div>\n\n\n<div class=\"wp-block-image icon-style is-style-rounded\">\n<figure class=\"aligncenter size-large is-resized\"><img decoding=\"async\" src=\"\/wp-content\/themes\/neve\/assets\/img\/starter-content\/icon-06.svg\" alt=\"Email clinica del capello\" style=\"width:42px;height:42px\"\/><\/figure>\n<\/div>\n\n\n<div style=\"height:20px\" aria-hidden=\"true\" class=\"wp-block-spacer\"><\/div>\n\n\n\n<p class=\"has-text-align-center has-neve-text-color-color has-text-color\" style=\"font-size:26px\"><strong>Inviare un&#8217;e-mail<\/strong><\/p>\n\n\n\n<p class=\"has-text-align-center has-neve-text-color-color has-text-color\"><a href=\"mailto:contact@nicehairclinic.com\">contact@nicehairclinic.com<\/a><\/p>\n\n\n\n<div style=\"height:24px\" aria-hidden=\"true\" class=\"wp-block-spacer\"><\/div>\n<\/div>\n\n\n\n<div class=\"wp-block-column is-layout-flow wp-block-column-is-layout-flow\">\n<div style=\"height:24px\" aria-hidden=\"true\" class=\"wp-block-spacer\"><\/div>\n\n\n<div class=\"wp-block-image icon-style is-style-rounded\">\n<figure class=\"aligncenter size-large is-resized\"><img decoding=\"async\" src=\"\/wp-content\/themes\/neve\/assets\/img\/starter-content\/icon-04.svg\" alt=\"Indirizzo clinica del capello\" style=\"width:42px;height:42px\"\/><\/figure>\n<\/div>\n\n\n<div style=\"height:20px\" aria-hidden=\"true\" class=\"wp-block-spacer\"><\/div>\n\n\n\n<p class=\"has-text-align-center has-neve-text-color-color has-text-color\" style=\"font-size:26px\"><strong>Visitare la clinica per il trapianto di capelli<\/strong><\/p>\n\n\n\n<p class=\"has-text-align-center has-neve-text-color-color has-text-color\" style=\"font-size:15px\"><a href=\"https:\/\/www.google.com\/maps\/place\/Nicehairclinic\/@43.6976824,7.264134,19.12z\/data=!3m1!5s0x12cdd00a16053165:0x7e396668b5ac663b!4m6!3m5!1s0x12cdd1934de6f03d:0x41aecbfd94a50232!8m2!3d43.697859!4d7.2640441!16s%2Fg%2F11l1kwq3fk?hl=en&amp;entry=ttu\" target=\"_blank\" rel=\"noreferrer noopener\">4 rue du docteur Barety, 06000 Nizza<\/a><\/p>\n\n\n\n<div style=\"height:24px\" aria-hidden=\"true\" class=\"wp-block-spacer\"><\/div>\n<\/div>\n<\/div>\n\n\n\n<div style=\"height:30px\" aria-hidden=\"true\" class=\"wp-block-spacer\"><\/div>\n<\/div><\/div>\n<\/div><\/div>\n","protected":false},"excerpt":{"rendered":"","protected":false},"author":2,"featured_media":6183,"parent":0,"menu_order":0,"comment_status":"closed","ping_status":"closed","template":"","meta":{"_acf_changed":false,"neve_meta_sidebar":"","neve_meta_container":"","neve_meta_enable_content_width":"on","neve_meta_content_width":100,"neve_meta_title_alignment":"","neve_meta_author_avatar":"","neve_post_elements_order":"","neve_meta_disable_header":"","neve_meta_disable_footer":"","neve_meta_disable_title":"on","neve_meta_reading_time":"","footnotes":""},"class_list":["post-1614","page","type-page","status-publish","has-post-thumbnail","hentry"],"acf":[],"yoast_head":"<!-- This site is optimized with the Yoast SEO plugin v27.4 - https:\/\/yoast.com\/product\/yoast-seo-wordpress\/ -->\n<title>Trapianto di capelli a Nizza Prezzo | Dr Sabatier, clinica a Nizza<\/title>\n<meta name=\"description\" content=\"Nice Hair Clinic: prezzi del trapianto di capelli a Nizza. Scoprite i nostri prezzi e prenotate un appuntamento online per consigli, trattamenti e soluzioni.\" \/>\n<meta name=\"robots\" content=\"index, follow, max-snippet:-1, max-image-preview:large, max-video-preview:-1\" \/>\n<link rel=\"canonical\" href=\"https:\/\/nicehairclinic.com\/it\/trapianto-di-capelli-prezzo\/\" \/>\n<meta property=\"og:locale\" content=\"it_IT\" \/>\n<meta property=\"og:type\" content=\"article\" \/>\n<meta property=\"og:title\" content=\"Trapianto di capelli a Nizza Prezzo | Dr Sabatier, clinica a Nizza\" \/>\n<meta property=\"og:description\" content=\"Nice Hair Clinic: prezzi del trapianto di capelli a Nizza. Scoprite i nostri prezzi e prenotate un appuntamento online per consigli, trattamenti e soluzioni.\" \/>\n<meta property=\"og:url\" content=\"https:\/\/nicehairclinic.com\/it\/trapianto-di-capelli-prezzo\/\" \/>\n<meta property=\"og:site_name\" content=\"NICE HAIR CLINIC\" \/>\n<meta property=\"article:modified_time\" content=\"2025-07-04T14:48:23+00:00\" \/>\n<meta property=\"og:image\" content=\"https:\/\/nicehairclinic.com\/wp-content\/uploads\/2024\/08\/2149152777.jpg\" \/>\n\t<meta property=\"og:image:width\" content=\"1000\" \/>\n\t<meta property=\"og:image:height\" content=\"667\" \/>\n\t<meta property=\"og:image:type\" content=\"image\/jpeg\" \/>\n<meta name=\"twitter:card\" content=\"summary_large_image\" \/>\n<meta name=\"twitter:label1\" content=\"Tempo di lettura stimato\" \/>\n\t<meta name=\"twitter:data1\" content=\"3 minuti\" \/>\n<script type=\"application\/ld+json\" class=\"yoast-schema-graph\">{\"@context\":\"https:\\\/\\\/schema.org\",\"@graph\":[{\"@type\":\"WebPage\",\"@id\":\"https:\\\/\\\/nicehairclinic.com\\\/it\\\/trapianto-di-capelli-prezzo\\\/\",\"url\":\"https:\\\/\\\/nicehairclinic.com\\\/it\\\/trapianto-di-capelli-prezzo\\\/\",\"name\":\"Trapianto di capelli a Nizza Prezzo | Dr Sabatier, clinica a Nizza\",\"isPartOf\":{\"@id\":\"https:\\\/\\\/nicehairclinic.com\\\/it\\\/#website\"},\"primaryImageOfPage\":{\"@id\":\"https:\\\/\\\/nicehairclinic.com\\\/it\\\/trapianto-di-capelli-prezzo\\\/#primaryimage\"},\"image\":{\"@id\":\"https:\\\/\\\/nicehairclinic.com\\\/it\\\/trapianto-di-capelli-prezzo\\\/#primaryimage\"},\"thumbnailUrl\":\"https:\\\/\\\/nicehairclinic.com\\\/wp-content\\\/uploads\\\/2024\\\/08\\\/2149152777.jpg\",\"datePublished\":\"2023-08-17T10:42:42+00:00\",\"dateModified\":\"2025-07-04T14:48:23+00:00\",\"description\":\"Nice Hair Clinic: prezzi del trapianto di capelli a Nizza. Scoprite i nostri prezzi e prenotate un appuntamento online per consigli, trattamenti e soluzioni.\",\"breadcrumb\":{\"@id\":\"https:\\\/\\\/nicehairclinic.com\\\/it\\\/trapianto-di-capelli-prezzo\\\/#breadcrumb\"},\"inLanguage\":\"it-IT\",\"potentialAction\":[{\"@type\":\"ReadAction\",\"target\":[\"https:\\\/\\\/nicehairclinic.com\\\/it\\\/trapianto-di-capelli-prezzo\\\/\"]}]},{\"@type\":\"ImageObject\",\"inLanguage\":\"it-IT\",\"@id\":\"https:\\\/\\\/nicehairclinic.com\\\/it\\\/trapianto-di-capelli-prezzo\\\/#primaryimage\",\"url\":\"https:\\\/\\\/nicehairclinic.com\\\/wp-content\\\/uploads\\\/2024\\\/08\\\/2149152777.jpg\",\"contentUrl\":\"https:\\\/\\\/nicehairclinic.com\\\/wp-content\\\/uploads\\\/2024\\\/08\\\/2149152777.jpg\",\"width\":1000,\"height\":667,\"caption\":\"Greffe de cheveux tarif\"},{\"@type\":\"BreadcrumbList\",\"@id\":\"https:\\\/\\\/nicehairclinic.com\\\/it\\\/trapianto-di-capelli-prezzo\\\/#breadcrumb\",\"itemListElement\":[{\"@type\":\"ListItem\",\"position\":1,\"name\":\"Accueil\",\"item\":\"https:\\\/\\\/nicehairclinic.com\\\/it\\\/\"},{\"@type\":\"ListItem\",\"position\":2,\"name\":\"Le nostre tariffe\"}]},{\"@type\":\"WebSite\",\"@id\":\"https:\\\/\\\/nicehairclinic.com\\\/it\\\/#website\",\"url\":\"https:\\\/\\\/nicehairclinic.com\\\/it\\\/\",\"name\":\"NICE HAIR CLINIC\",\"description\":\"\",\"publisher\":{\"@id\":\"https:\\\/\\\/nicehairclinic.com\\\/it\\\/#organization\"},\"potentialAction\":[{\"@type\":\"SearchAction\",\"target\":{\"@type\":\"EntryPoint\",\"urlTemplate\":\"https:\\\/\\\/nicehairclinic.com\\\/it\\\/?s={search_term_string}\"},\"query-input\":{\"@type\":\"PropertyValueSpecification\",\"valueRequired\":true,\"valueName\":\"search_term_string\"}}],\"inLanguage\":\"it-IT\"},{\"@type\":\"Organization\",\"@id\":\"https:\\\/\\\/nicehairclinic.com\\\/it\\\/#organization\",\"name\":\"NICE HAIR CLINIC\",\"url\":\"https:\\\/\\\/nicehairclinic.com\\\/it\\\/\",\"logo\":{\"@type\":\"ImageObject\",\"inLanguage\":\"it-IT\",\"@id\":\"https:\\\/\\\/nicehairclinic.com\\\/it\\\/#\\\/schema\\\/logo\\\/image\\\/\",\"url\":\"https:\\\/\\\/nicehairclinic.com\\\/wp-content\\\/uploads\\\/2023\\\/08\\\/logo2_blanc.png\",\"contentUrl\":\"https:\\\/\\\/nicehairclinic.com\\\/wp-content\\\/uploads\\\/2023\\\/08\\\/logo2_blanc.png\",\"width\":1024,\"height\":1024,\"caption\":\"NICE HAIR CLINIC\"},\"image\":{\"@id\":\"https:\\\/\\\/nicehairclinic.com\\\/it\\\/#\\\/schema\\\/logo\\\/image\\\/\"}}]}<\/script>\n<!-- \/ Yoast SEO plugin. -->","yoast_head_json":{"title":"Trapianto di capelli a Nizza Prezzo | Dr Sabatier, clinica a Nizza","description":"Nice Hair Clinic: prezzi del trapianto di capelli a Nizza. Scoprite i nostri prezzi e prenotate un appuntamento online per consigli, trattamenti e soluzioni.","robots":{"index":"index","follow":"follow","max-snippet":"max-snippet:-1","max-image-preview":"max-image-preview:large","max-video-preview":"max-video-preview:-1"},"canonical":"https:\/\/nicehairclinic.com\/it\/trapianto-di-capelli-prezzo\/","og_locale":"it_IT","og_type":"article","og_title":"Trapianto di capelli a Nizza Prezzo | Dr Sabatier, clinica a Nizza","og_description":"Nice Hair Clinic: prezzi del trapianto di capelli a Nizza. Scoprite i nostri prezzi e prenotate un appuntamento online per consigli, trattamenti e soluzioni.","og_url":"https:\/\/nicehairclinic.com\/it\/trapianto-di-capelli-prezzo\/","og_site_name":"NICE HAIR CLINIC","article_modified_time":"2025-07-04T14:48:23+00:00","og_image":[{"width":1000,"height":667,"url":"https:\/\/nicehairclinic.com\/wp-content\/uploads\/2024\/08\/2149152777.jpg","type":"image\/jpeg"}],"twitter_card":"summary_large_image","twitter_misc":{"Tempo di lettura stimato":"3 minuti"},"schema":{"@context":"https:\/\/schema.org","@graph":[{"@type":"WebPage","@id":"https:\/\/nicehairclinic.com\/it\/trapianto-di-capelli-prezzo\/","url":"https:\/\/nicehairclinic.com\/it\/trapianto-di-capelli-prezzo\/","name":"Trapianto di capelli a Nizza Prezzo | Dr Sabatier, clinica a Nizza","isPartOf":{"@id":"https:\/\/nicehairclinic.com\/it\/#website"},"primaryImageOfPage":{"@id":"https:\/\/nicehairclinic.com\/it\/trapianto-di-capelli-prezzo\/#primaryimage"},"image":{"@id":"https:\/\/nicehairclinic.com\/it\/trapianto-di-capelli-prezzo\/#primaryimage"},"thumbnailUrl":"https:\/\/nicehairclinic.com\/wp-content\/uploads\/2024\/08\/2149152777.jpg","datePublished":"2023-08-17T10:42:42+00:00","dateModified":"2025-07-04T14:48:23+00:00","description":"Nice Hair Clinic: prezzi del trapianto di capelli a Nizza. Scoprite i nostri prezzi e prenotate un appuntamento online per consigli, trattamenti e soluzioni.","breadcrumb":{"@id":"https:\/\/nicehairclinic.com\/it\/trapianto-di-capelli-prezzo\/#breadcrumb"},"inLanguage":"it-IT","potentialAction":[{"@type":"ReadAction","target":["https:\/\/nicehairclinic.com\/it\/trapianto-di-capelli-prezzo\/"]}]},{"@type":"ImageObject","inLanguage":"it-IT","@id":"https:\/\/nicehairclinic.com\/it\/trapianto-di-capelli-prezzo\/#primaryimage","url":"https:\/\/nicehairclinic.com\/wp-content\/uploads\/2024\/08\/2149152777.jpg","contentUrl":"https:\/\/nicehairclinic.com\/wp-content\/uploads\/2024\/08\/2149152777.jpg","width":1000,"height":667,"caption":"Greffe de cheveux tarif"},{"@type":"BreadcrumbList","@id":"https:\/\/nicehairclinic.com\/it\/trapianto-di-capelli-prezzo\/#breadcrumb","itemListElement":[{"@type":"ListItem","position":1,"name":"Accueil","item":"https:\/\/nicehairclinic.com\/it\/"},{"@type":"ListItem","position":2,"name":"Le nostre tariffe"}]},{"@type":"WebSite","@id":"https:\/\/nicehairclinic.com\/it\/#website","url":"https:\/\/nicehairclinic.com\/it\/","name":"NICE HAIR CLINIC","description":"","publisher":{"@id":"https:\/\/nicehairclinic.com\/it\/#organization"},"potentialAction":[{"@type":"SearchAction","target":{"@type":"EntryPoint","urlTemplate":"https:\/\/nicehairclinic.com\/it\/?s={search_term_string}"},"query-input":{"@type":"PropertyValueSpecification","valueRequired":true,"valueName":"search_term_string"}}],"inLanguage":"it-IT"},{"@type":"Organization","@id":"https:\/\/nicehairclinic.com\/it\/#organization","name":"NICE HAIR CLINIC","url":"https:\/\/nicehairclinic.com\/it\/","logo":{"@type":"ImageObject","inLanguage":"it-IT","@id":"https:\/\/nicehairclinic.com\/it\/#\/schema\/logo\/image\/","url":"https:\/\/nicehairclinic.com\/wp-content\/uploads\/2023\/08\/logo2_blanc.png","contentUrl":"https:\/\/nicehairclinic.com\/wp-content\/uploads\/2023\/08\/logo2_blanc.png","width":1024,"height":1024,"caption":"NICE HAIR CLINIC"},"image":{"@id":"https:\/\/nicehairclinic.com\/it\/#\/schema\/logo\/image\/"}}]}},"_links":{"self":[{"href":"https:\/\/nicehairclinic.com\/it\/wp-json\/wp\/v2\/pages\/1614","targetHints":{"allow":["GET"]}}],"collection":[{"href":"https:\/\/nicehairclinic.com\/it\/wp-json\/wp\/v2\/pages"}],"about":[{"href":"https:\/\/nicehairclinic.com\/it\/wp-json\/wp\/v2\/types\/page"}],"author":[{"embeddable":true,"href":"https:\/\/nicehairclinic.com\/it\/wp-json\/wp\/v2\/users\/2"}],"replies":[{"embeddable":true,"href":"https:\/\/nicehairclinic.com\/it\/wp-json\/wp\/v2\/comments?post=1614"}],"version-history":[{"count":29,"href":"https:\/\/nicehairclinic.com\/it\/wp-json\/wp\/v2\/pages\/1614\/revisions"}],"predecessor-version":[{"id":9632,"href":"https:\/\/nicehairclinic.com\/it\/wp-json\/wp\/v2\/pages\/1614\/revisions\/9632"}],"wp:featuredmedia":[{"embeddable":true,"href":"https:\/\/nicehairclinic.com\/it\/wp-json\/wp\/v2\/media\/6183"}],"wp:attachment":[{"href":"https:\/\/nicehairclinic.com\/it\/wp-json\/wp\/v2\/media?parent=1614"}],"curies":[{"name":"wp","href":"https:\/\/api.w.org\/{rel}","templated":true}]}}