{"id":1608,"date":"2023-08-16T13:58:23","date_gmt":"2023-08-16T11:58:23","guid":{"rendered":"https:\/\/nicehairclinic.com\/prima-e-dopo\/"},"modified":"2025-07-03T11:18:25","modified_gmt":"2025-07-03T09:18:25","slug":"prima-e-dopo","status":"publish","type":"page","link":"https:\/\/nicehairclinic.com\/it\/prima-e-dopo\/","title":{"rendered":"Prima e dopo"},"content":{"rendered":"\n<div class=\"wp-block-cover alignfull is-light\" style=\"min-height:550px;aspect-ratio:unset;\"><img loading=\"lazy\" decoding=\"async\" width=\"2000\" height=\"1333\" class=\"wp-block-cover__image-background wp-image-2531\" alt=\"Greffe de cheveux avant apr\u00e8s\" src=\"https:\/\/nicehairclinic.com\/wp-content\/uploads\/2023\/09\/head-balding-man-before-after-hair-transplant-surgery-man-losing-his-hair-has-become-1.jpg\" style=\"object-position:49% 31%\" data-object-fit=\"cover\" data-object-position=\"49% 31%\" srcset=\"https:\/\/nicehairclinic.com\/wp-content\/uploads\/2023\/09\/head-balding-man-before-after-hair-transplant-surgery-man-losing-his-hair-has-become-1.jpg 2000w, https:\/\/nicehairclinic.com\/wp-content\/uploads\/2023\/09\/head-balding-man-before-after-hair-transplant-surgery-man-losing-his-hair-has-become-1-300x200.jpg 300w, https:\/\/nicehairclinic.com\/wp-content\/uploads\/2023\/09\/head-balding-man-before-after-hair-transplant-surgery-man-losing-his-hair-has-become-1-1024x682.jpg 1024w, https:\/\/nicehairclinic.com\/wp-content\/uploads\/2023\/09\/head-balding-man-before-after-hair-transplant-surgery-man-losing-his-hair-has-become-1-768x512.jpg 768w, https:\/\/nicehairclinic.com\/wp-content\/uploads\/2023\/09\/head-balding-man-before-after-hair-transplant-surgery-man-losing-his-hair-has-become-1-1536x1024.jpg 1536w, https:\/\/nicehairclinic.com\/wp-content\/uploads\/2023\/09\/head-balding-man-before-after-hair-transplant-surgery-man-losing-his-hair-has-become-1-930x620.jpg 930w\" sizes=\"auto, (max-width: 2000px) 100vw, 2000px\" \/><span aria-hidden=\"true\" class=\"wp-block-cover__background has-background-dim\"><\/span><div class=\"wp-block-cover__inner-container is-layout-constrained wp-block-cover-is-layout-constrained\">\n<p class=\"has-nv-site-bg-color has-text-color has-link-color wp-elements-6e9945d351cffb70b8f6115e7fbad6a3\">La <strong>Clinique de la greffe de cheveux di Nizza<\/strong> \u00e8 lo specialista del <strong>trapianto di capelli a Nizza<\/strong>. Si tratta di una procedura di ripristino dei capelli che offre un barlume di speranza alle persone che soffrono di calvizie permanente, perdita di capelli diffusa o cicatrici.<\/p>\n\n\n\n<div style=\"height:50px\" aria-hidden=\"true\" class=\"wp-block-spacer\"><\/div>\n\n\n\n<div class=\"wp-block-group\"><div class=\"wp-block-group__inner-container is-layout-constrained wp-block-group-is-layout-constrained\">\n<h1 class=\"wp-block-heading has-nv-light-bg-color has-text-color\"><strong>Trapianto di capelli a Nizza: prima e dopo<\/strong><\/h1>\n<\/div><\/div>\n<\/div><\/div>\n\n<div class=\"wp-block-cover\"><span aria-hidden=\"true\" class=\"wp-block-cover__background has-nv-site-bg-background-color has-background-dim\"><\/span><img loading=\"lazy\" decoding=\"async\" width=\"640\" height=\"430\" src=\"https:\/\/nicehairclinic.com\/wp-content\/uploads\/2023\/09\/4.jpg\" class=\"wp-block-cover__image-background wp-post-image\" alt=\"clinique du cheveu\" data-object-fit=\"cover\" srcset=\"https:\/\/nicehairclinic.com\/wp-content\/uploads\/2023\/09\/4.jpg 640w, https:\/\/nicehairclinic.com\/wp-content\/uploads\/2023\/09\/4-300x202.jpg 300w\" sizes=\"auto, (max-width: 640px) 100vw, 640px\" \/><div class=\"wp-block-cover__inner-container is-layout-constrained wp-block-cover-is-layout-constrained\">\n<div style=\"height:100px\" aria-hidden=\"true\" class=\"wp-block-spacer\"><\/div>\n\n\n\n<h2 class=\"wp-block-heading has-text-align-center has-nv-dark-bg-color has-text-color has-large-font-size\">Trasformazioni ottenute grazie ai nostri trapianti di capelli a Nizza<\/h2>\n\n\n\n<h3 class=\"wp-block-heading has-text-align-center has-medium-font-size\">Specialista in trapianti di capelli: Nice Hair Clinic<\/h3>\n\n\n\n<p class=\"has-nv-dark-bg-color has-text-color\">Alla Nice Hair Clinic siamo consapevoli che la perdita di capelli pu\u00f2 influire sulla fiducia in se stessi e sulla qualit\u00e0 della vita. Ecco perch\u00e9 ci impegniamo a offrire soluzioni su misura basate su tecnologie all&#8217;avanguardia e competenze mediche avanzate. I risultati prima e dopo il trapianto di capelli parlano da soli, dimostrando il nostro impegno per la soddisfazione e il benessere dei nostri pazienti.<\/p>\n\n\n\n<div style=\"height:100px\" aria-hidden=\"true\" class=\"wp-block-spacer\"><\/div>\n<\/div><\/div>\n<\/section>\n<article>\n\n<div class=\"wp-block-cover alignfull\"><span aria-hidden=\"true\" class=\"wp-block-cover__background has-nv-light-bg-background-color has-background-dim-100 has-background-dim\"><\/span><div class=\"wp-block-cover__inner-container is-layout-flow wp-block-cover-is-layout-flow\">\n<div style=\"height:60px\" aria-hidden=\"true\" class=\"wp-block-spacer\"><\/div>\n\n\n\n<div class=\"wp-block-columns alignfull is-layout-flex wp-container-core-columns-is-layout-9d6595d7 wp-block-columns-is-layout-flex\">\n<div class=\"wp-block-column is-layout-flow wp-block-column-is-layout-flow\" style=\"flex-basis:25%\"><\/div>\n\n\n\n<div class=\"wp-block-column is-layout-flow wp-block-column-is-layout-flow\" style=\"flex-basis:50%\">\n\n<\/div>\n\n\n\n<div class=\"wp-block-column is-layout-flow wp-block-column-is-layout-flow\" style=\"flex-basis:25%\"><\/div>\n<\/div>\n\n\n\n<div style=\"height:60px\" aria-hidden=\"true\" class=\"wp-block-spacer\"><\/div>\n<\/div><\/div>\n\n<div class=\"wp-block-cover alignfull\"><span aria-hidden=\"true\" class=\"wp-block-cover__background has-nv-dark-bg-background-color has-background-dim-100 has-background-dim\"><\/span><div class=\"wp-block-cover__inner-container is-layout-flow wp-block-cover-is-layout-flow\">\n<div class=\"wp-block-columns is-layout-flex wp-container-core-columns-is-layout-9d6595d7 wp-block-columns-is-layout-flex\">\n<div class=\"wp-block-column is-layout-flow wp-block-column-is-layout-flow\" style=\"flex-basis:100%\">\n<div style=\"height:60px\" aria-hidden=\"true\" class=\"wp-block-spacer\"><\/div>\n\n\n\n<h2 class=\"wp-block-heading has-text-align-center\" id=\"schedule-a-visit\" style=\"font-size:25px;line-height:1.15\"><strong>State pensando di sottoporvi a un trapianto di capelli?<\/strong><\/h2>\n\n\n\n<div class=\"wp-block-buttons alignwide is-horizontal is-content-justification-center is-layout-flex wp-container-core-buttons-is-layout-499968f5 wp-block-buttons-is-layout-flex\">\n<div class=\"wp-block-button is-style-secondary\"><a class=\"wp-block-button__link has-nv-dark-bg-color has-nv-site-bg-background-color has-text-color has-background has-text-align-center wp-element-button\" href=\"https:\/\/nicehairclinic.com\/it\/fissare-un-appuntamento\/\" style=\"border-radius:50px\">Fissare un appuntamento<\/a><\/div>\n\n\n\n<div class=\"wp-block-button is-style-secondary\"><a class=\"wp-block-button__link has-nv-site-bg-color has-neve-link-color-background-color has-text-color has-background has-text-align-center wp-element-button\" href=\"https:\/\/nicehairclinic.com\/it\/trapianto-di-capelli-prezzo\/\" style=\"border-radius:50px\">Vedi le nostre tariffe<\/a><\/div>\n<\/div>\n\n\n\n<div style=\"height:60px\" aria-hidden=\"true\" class=\"wp-block-spacer\"><\/div>\n<\/div>\n<\/div>\n<\/div><\/div>\n\n<div class=\"wp-block-cover alignfull\" style=\"min-height:420px;aspect-ratio:unset;\"><span aria-hidden=\"true\" class=\"wp-block-cover__background has-nv-site-bg-background-color has-background-dim-100 has-background-dim\"><\/span><div class=\"wp-block-cover__inner-container is-layout-flow wp-block-cover-is-layout-flow\">\n<div class=\"wp-block-cover alignfull\" style=\"min-height:420px;aspect-ratio:unset;\"><span aria-hidden=\"true\" class=\"wp-block-cover__background has-nv-site-bg-background-color has-background-dim-100 has-background-dim\"><\/span><div class=\"wp-block-cover__inner-container is-layout-flow wp-block-cover-is-layout-flow\">\n<div style=\"height:80px\" aria-hidden=\"true\" class=\"wp-block-spacer\"><\/div>\n\n\n\n<div class=\"wp-block-columns is-layout-flex wp-container-core-columns-is-layout-9d6595d7 wp-block-columns-is-layout-flex\">\n<div class=\"wp-block-column is-vertically-aligned-top is-layout-flow wp-block-column-is-layout-flow\">\n<div style=\"height:24px\" aria-hidden=\"true\" class=\"wp-block-spacer\"><\/div>\n\n\n<div class=\"wp-block-image icon-style is-style-rounded\">\n<figure class=\"aligncenter size-large is-resized\"><img decoding=\"async\" src=\"\/wp-content\/themes\/neve\/assets\/img\/starter-content\/icon-05.svg\" alt=\"Clinica telefonica per capelli\" style=\"width:42px;height:42px\"\/><\/figure>\n<\/div>\n\n\n<div style=\"height:20px\" aria-hidden=\"true\" class=\"wp-block-spacer\"><\/div>\n\n\n\n<p class=\"has-text-align-center has-neve-text-color-color has-text-color\" style=\"font-size:26px\"><strong>Chiamateci<\/strong><\/p>\n\n\n\n<p class=\"has-text-align-center has-neve-text-color-color has-text-color\" style=\"font-size:15px\"><a href=\"tel:+33627519642\" rel=\"nofollow\" onclick=\"gtag_report_conversion()\">+33(0) 6 27 51 96 42<\/a> | Da luned\u00ec a venerd\u00ec<\/p>\n\n\n\n<div style=\"height:24px\" aria-hidden=\"true\" class=\"wp-block-spacer\"><\/div>\n<\/div>\n\n\n\n<div class=\"wp-block-column is-layout-flow wp-block-column-is-layout-flow\">\n<div style=\"height:24px\" aria-hidden=\"true\" class=\"wp-block-spacer\"><\/div>\n\n\n<div class=\"wp-block-image icon-style is-style-rounded\">\n<figure class=\"aligncenter size-large is-resized\"><img decoding=\"async\" src=\"\/wp-content\/themes\/neve\/assets\/img\/starter-content\/icon-06.svg\" alt=\"Email clinica del capello\" style=\"width:42px;height:42px\"\/><\/figure>\n<\/div>\n\n\n<div style=\"height:20px\" aria-hidden=\"true\" class=\"wp-block-spacer\"><\/div>\n\n\n\n<p class=\"has-text-align-center has-neve-text-color-color has-text-color\" style=\"font-size:26px\"><strong>Inviare un&#8217;e-mail<\/strong><\/p>\n\n\n\n<p class=\"has-text-align-center has-neve-text-color-color has-text-color\"><a href=\"mailto:contact@nicehairclinic.com\">contact@nicehairclinic.com<\/a><\/p>\n\n\n\n<div style=\"height:24px\" aria-hidden=\"true\" class=\"wp-block-spacer\"><\/div>\n<\/div>\n\n\n\n<div class=\"wp-block-column is-layout-flow wp-block-column-is-layout-flow\">\n<div style=\"height:24px\" aria-hidden=\"true\" class=\"wp-block-spacer\"><\/div>\n\n\n<div class=\"wp-block-image icon-style is-style-rounded\">\n<figure class=\"aligncenter size-large is-resized\"><img decoding=\"async\" src=\"\/wp-content\/themes\/neve\/assets\/img\/starter-content\/icon-04.svg\" alt=\"Indirizzo clinica del capello\" style=\"width:42px;height:42px\"\/><\/figure>\n<\/div>\n\n\n<div style=\"height:20px\" aria-hidden=\"true\" class=\"wp-block-spacer\"><\/div>\n\n\n\n<p class=\"has-text-align-center has-neve-text-color-color has-text-color\" style=\"font-size:26px\"><strong>Visitare la clinica per il trapianto di capelli<\/strong><\/p>\n\n\n\n<p class=\"has-text-align-center has-neve-text-color-color has-text-color\" style=\"font-size:15px\"><a href=\"https:\/\/www.google.com\/maps\/place\/Nicehairclinic\/@43.6976824,7.264134,19.12z\/data=!3m1!5s0x12cdd00a16053165:0x7e396668b5ac663b!4m6!3m5!1s0x12cdd1934de6f03d:0x41aecbfd94a50232!8m2!3d43.697859!4d7.2640441!16s%2Fg%2F11l1kwq3fk?hl=en&amp;entry=ttu\" target=\"_blank\" rel=\"noreferrer noopener\">4 rue du docteur Barety, 06000 Nizza<\/a><\/p>\n\n\n\n<div style=\"height:24px\" aria-hidden=\"true\" class=\"wp-block-spacer\"><\/div>\n<\/div>\n<\/div>\n\n\n\n<div style=\"height:30px\" aria-hidden=\"true\" class=\"wp-block-spacer\"><\/div>\n<\/div><\/div>\n<\/div><\/div>\n","protected":false},"excerpt":{"rendered":"","protected":false},"author":2,"featured_media":2711,"parent":0,"menu_order":0,"comment_status":"closed","ping_status":"closed","template":"","meta":{"_acf_changed":false,"neve_meta_sidebar":"","neve_meta_container":"","neve_meta_enable_content_width":"on","neve_meta_content_width":100,"neve_meta_title_alignment":"","neve_meta_author_avatar":"","neve_post_elements_order":"","neve_meta_disable_header":"","neve_meta_disable_footer":"","neve_meta_disable_title":"on","neve_meta_reading_time":"","footnotes":""},"class_list":["post-1608","page","type-page","status-publish","has-post-thumbnail","hentry"],"acf":[],"yoast_head":"<!-- This site is optimized with the Yoast SEO plugin v27.4 - https:\/\/yoast.com\/product\/yoast-seo-wordpress\/ -->\n<title>Trapianto di capelli: prima e dopo | Clinica Dr Sabatier a Nizza<\/title>\n<meta name=\"description\" content=\"Nice Hair Clinic: trapianto di capelli prima e dopo. Consultazione iniziale gratuita. Fissate un appuntamento per ricevere consigli, trattamenti e soluzioni.\" \/>\n<meta name=\"robots\" content=\"index, follow, max-snippet:-1, max-image-preview:large, max-video-preview:-1\" \/>\n<link rel=\"canonical\" href=\"https:\/\/nicehairclinic.com\/it\/prima-e-dopo\/\" \/>\n<meta property=\"og:locale\" content=\"it_IT\" \/>\n<meta property=\"og:type\" content=\"article\" \/>\n<meta property=\"og:title\" content=\"Trapianto di capelli: prima e dopo | Clinica Dr Sabatier a Nizza\" \/>\n<meta property=\"og:description\" content=\"Nice Hair Clinic: trapianto di capelli prima e dopo. Consultazione iniziale gratuita. Fissate un appuntamento per ricevere consigli, trattamenti e soluzioni.\" \/>\n<meta property=\"og:url\" content=\"https:\/\/nicehairclinic.com\/it\/prima-e-dopo\/\" \/>\n<meta property=\"og:site_name\" content=\"NICE HAIR CLINIC\" \/>\n<meta property=\"article:modified_time\" content=\"2025-07-03T09:18:25+00:00\" \/>\n<meta property=\"og:image\" content=\"https:\/\/nicehairclinic.com\/wp-content\/uploads\/2023\/09\/4.jpg\" \/>\n\t<meta property=\"og:image:width\" content=\"640\" \/>\n\t<meta property=\"og:image:height\" content=\"430\" \/>\n\t<meta property=\"og:image:type\" content=\"image\/jpeg\" \/>\n<meta name=\"twitter:card\" content=\"summary_large_image\" \/>\n<meta name=\"twitter:label1\" content=\"Tempo di lettura stimato\" \/>\n\t<meta name=\"twitter:data1\" content=\"2 minuti\" \/>\n<script type=\"application\/ld+json\" class=\"yoast-schema-graph\">{\"@context\":\"https:\\\/\\\/schema.org\",\"@graph\":[{\"@type\":\"WebPage\",\"@id\":\"https:\\\/\\\/nicehairclinic.com\\\/it\\\/prima-e-dopo\\\/\",\"url\":\"https:\\\/\\\/nicehairclinic.com\\\/it\\\/prima-e-dopo\\\/\",\"name\":\"Trapianto di capelli: prima e dopo | Clinica Dr Sabatier a Nizza\",\"isPartOf\":{\"@id\":\"https:\\\/\\\/nicehairclinic.com\\\/it\\\/#website\"},\"primaryImageOfPage\":{\"@id\":\"https:\\\/\\\/nicehairclinic.com\\\/it\\\/prima-e-dopo\\\/#primaryimage\"},\"image\":{\"@id\":\"https:\\\/\\\/nicehairclinic.com\\\/it\\\/prima-e-dopo\\\/#primaryimage\"},\"thumbnailUrl\":\"https:\\\/\\\/nicehairclinic.com\\\/wp-content\\\/uploads\\\/2023\\\/09\\\/4.jpg\",\"datePublished\":\"2023-08-16T11:58:23+00:00\",\"dateModified\":\"2025-07-03T09:18:25+00:00\",\"description\":\"Nice Hair Clinic: trapianto di capelli prima e dopo. Consultazione iniziale gratuita. Fissate un appuntamento per ricevere consigli, trattamenti e soluzioni.\",\"breadcrumb\":{\"@id\":\"https:\\\/\\\/nicehairclinic.com\\\/it\\\/prima-e-dopo\\\/#breadcrumb\"},\"inLanguage\":\"it-IT\",\"potentialAction\":[{\"@type\":\"ReadAction\",\"target\":[\"https:\\\/\\\/nicehairclinic.com\\\/it\\\/prima-e-dopo\\\/\"]}]},{\"@type\":\"ImageObject\",\"inLanguage\":\"it-IT\",\"@id\":\"https:\\\/\\\/nicehairclinic.com\\\/it\\\/prima-e-dopo\\\/#primaryimage\",\"url\":\"https:\\\/\\\/nicehairclinic.com\\\/wp-content\\\/uploads\\\/2023\\\/09\\\/4.jpg\",\"contentUrl\":\"https:\\\/\\\/nicehairclinic.com\\\/wp-content\\\/uploads\\\/2023\\\/09\\\/4.jpg\",\"width\":640,\"height\":430,\"caption\":\"clinique du cheveu\"},{\"@type\":\"BreadcrumbList\",\"@id\":\"https:\\\/\\\/nicehairclinic.com\\\/it\\\/prima-e-dopo\\\/#breadcrumb\",\"itemListElement\":[{\"@type\":\"ListItem\",\"position\":1,\"name\":\"Accueil\",\"item\":\"https:\\\/\\\/nicehairclinic.com\\\/it\\\/\"},{\"@type\":\"ListItem\",\"position\":2,\"name\":\"Prima e dopo\"}]},{\"@type\":\"WebSite\",\"@id\":\"https:\\\/\\\/nicehairclinic.com\\\/it\\\/#website\",\"url\":\"https:\\\/\\\/nicehairclinic.com\\\/it\\\/\",\"name\":\"NICE HAIR CLINIC\",\"description\":\"\",\"publisher\":{\"@id\":\"https:\\\/\\\/nicehairclinic.com\\\/it\\\/#organization\"},\"potentialAction\":[{\"@type\":\"SearchAction\",\"target\":{\"@type\":\"EntryPoint\",\"urlTemplate\":\"https:\\\/\\\/nicehairclinic.com\\\/it\\\/?s={search_term_string}\"},\"query-input\":{\"@type\":\"PropertyValueSpecification\",\"valueRequired\":true,\"valueName\":\"search_term_string\"}}],\"inLanguage\":\"it-IT\"},{\"@type\":\"Organization\",\"@id\":\"https:\\\/\\\/nicehairclinic.com\\\/it\\\/#organization\",\"name\":\"NICE HAIR CLINIC\",\"url\":\"https:\\\/\\\/nicehairclinic.com\\\/it\\\/\",\"logo\":{\"@type\":\"ImageObject\",\"inLanguage\":\"it-IT\",\"@id\":\"https:\\\/\\\/nicehairclinic.com\\\/it\\\/#\\\/schema\\\/logo\\\/image\\\/\",\"url\":\"https:\\\/\\\/nicehairclinic.com\\\/wp-content\\\/uploads\\\/2023\\\/08\\\/logo2_blanc.png\",\"contentUrl\":\"https:\\\/\\\/nicehairclinic.com\\\/wp-content\\\/uploads\\\/2023\\\/08\\\/logo2_blanc.png\",\"width\":1024,\"height\":1024,\"caption\":\"NICE HAIR CLINIC\"},\"image\":{\"@id\":\"https:\\\/\\\/nicehairclinic.com\\\/it\\\/#\\\/schema\\\/logo\\\/image\\\/\"}}]}<\/script>\n<!-- \/ Yoast SEO plugin. -->","yoast_head_json":{"title":"Trapianto di capelli: prima e dopo | Clinica Dr Sabatier a Nizza","description":"Nice Hair Clinic: trapianto di capelli prima e dopo. Consultazione iniziale gratuita. Fissate un appuntamento per ricevere consigli, trattamenti e soluzioni.","robots":{"index":"index","follow":"follow","max-snippet":"max-snippet:-1","max-image-preview":"max-image-preview:large","max-video-preview":"max-video-preview:-1"},"canonical":"https:\/\/nicehairclinic.com\/it\/prima-e-dopo\/","og_locale":"it_IT","og_type":"article","og_title":"Trapianto di capelli: prima e dopo | Clinica Dr Sabatier a Nizza","og_description":"Nice Hair Clinic: trapianto di capelli prima e dopo. Consultazione iniziale gratuita. Fissate un appuntamento per ricevere consigli, trattamenti e soluzioni.","og_url":"https:\/\/nicehairclinic.com\/it\/prima-e-dopo\/","og_site_name":"NICE HAIR CLINIC","article_modified_time":"2025-07-03T09:18:25+00:00","og_image":[{"width":640,"height":430,"url":"https:\/\/nicehairclinic.com\/wp-content\/uploads\/2023\/09\/4.jpg","type":"image\/jpeg"}],"twitter_card":"summary_large_image","twitter_misc":{"Tempo di lettura stimato":"2 minuti"},"schema":{"@context":"https:\/\/schema.org","@graph":[{"@type":"WebPage","@id":"https:\/\/nicehairclinic.com\/it\/prima-e-dopo\/","url":"https:\/\/nicehairclinic.com\/it\/prima-e-dopo\/","name":"Trapianto di capelli: prima e dopo | Clinica Dr Sabatier a Nizza","isPartOf":{"@id":"https:\/\/nicehairclinic.com\/it\/#website"},"primaryImageOfPage":{"@id":"https:\/\/nicehairclinic.com\/it\/prima-e-dopo\/#primaryimage"},"image":{"@id":"https:\/\/nicehairclinic.com\/it\/prima-e-dopo\/#primaryimage"},"thumbnailUrl":"https:\/\/nicehairclinic.com\/wp-content\/uploads\/2023\/09\/4.jpg","datePublished":"2023-08-16T11:58:23+00:00","dateModified":"2025-07-03T09:18:25+00:00","description":"Nice Hair Clinic: trapianto di capelli prima e dopo. Consultazione iniziale gratuita. Fissate un appuntamento per ricevere consigli, trattamenti e soluzioni.","breadcrumb":{"@id":"https:\/\/nicehairclinic.com\/it\/prima-e-dopo\/#breadcrumb"},"inLanguage":"it-IT","potentialAction":[{"@type":"ReadAction","target":["https:\/\/nicehairclinic.com\/it\/prima-e-dopo\/"]}]},{"@type":"ImageObject","inLanguage":"it-IT","@id":"https:\/\/nicehairclinic.com\/it\/prima-e-dopo\/#primaryimage","url":"https:\/\/nicehairclinic.com\/wp-content\/uploads\/2023\/09\/4.jpg","contentUrl":"https:\/\/nicehairclinic.com\/wp-content\/uploads\/2023\/09\/4.jpg","width":640,"height":430,"caption":"clinique du cheveu"},{"@type":"BreadcrumbList","@id":"https:\/\/nicehairclinic.com\/it\/prima-e-dopo\/#breadcrumb","itemListElement":[{"@type":"ListItem","position":1,"name":"Accueil","item":"https:\/\/nicehairclinic.com\/it\/"},{"@type":"ListItem","position":2,"name":"Prima e dopo"}]},{"@type":"WebSite","@id":"https:\/\/nicehairclinic.com\/it\/#website","url":"https:\/\/nicehairclinic.com\/it\/","name":"NICE HAIR CLINIC","description":"","publisher":{"@id":"https:\/\/nicehairclinic.com\/it\/#organization"},"potentialAction":[{"@type":"SearchAction","target":{"@type":"EntryPoint","urlTemplate":"https:\/\/nicehairclinic.com\/it\/?s={search_term_string}"},"query-input":{"@type":"PropertyValueSpecification","valueRequired":true,"valueName":"search_term_string"}}],"inLanguage":"it-IT"},{"@type":"Organization","@id":"https:\/\/nicehairclinic.com\/it\/#organization","name":"NICE HAIR CLINIC","url":"https:\/\/nicehairclinic.com\/it\/","logo":{"@type":"ImageObject","inLanguage":"it-IT","@id":"https:\/\/nicehairclinic.com\/it\/#\/schema\/logo\/image\/","url":"https:\/\/nicehairclinic.com\/wp-content\/uploads\/2023\/08\/logo2_blanc.png","contentUrl":"https:\/\/nicehairclinic.com\/wp-content\/uploads\/2023\/08\/logo2_blanc.png","width":1024,"height":1024,"caption":"NICE HAIR CLINIC"},"image":{"@id":"https:\/\/nicehairclinic.com\/it\/#\/schema\/logo\/image\/"}}]}},"_links":{"self":[{"href":"https:\/\/nicehairclinic.com\/it\/wp-json\/wp\/v2\/pages\/1608","targetHints":{"allow":["GET"]}}],"collection":[{"href":"https:\/\/nicehairclinic.com\/it\/wp-json\/wp\/v2\/pages"}],"about":[{"href":"https:\/\/nicehairclinic.com\/it\/wp-json\/wp\/v2\/types\/page"}],"author":[{"embeddable":true,"href":"https:\/\/nicehairclinic.com\/it\/wp-json\/wp\/v2\/users\/2"}],"replies":[{"embeddable":true,"href":"https:\/\/nicehairclinic.com\/it\/wp-json\/wp\/v2\/comments?post=1608"}],"version-history":[{"count":28,"href":"https:\/\/nicehairclinic.com\/it\/wp-json\/wp\/v2\/pages\/1608\/revisions"}],"predecessor-version":[{"id":9692,"href":"https:\/\/nicehairclinic.com\/it\/wp-json\/wp\/v2\/pages\/1608\/revisions\/9692"}],"wp:featuredmedia":[{"embeddable":true,"href":"https:\/\/nicehairclinic.com\/it\/wp-json\/wp\/v2\/media\/2711"}],"wp:attachment":[{"href":"https:\/\/nicehairclinic.com\/it\/wp-json\/wp\/v2\/media?parent=1608"}],"curies":[{"name":"wp","href":"https:\/\/api.w.org\/{rel}","templated":true}]}}