{"id":1592,"date":"2023-07-28T09:50:52","date_gmt":"2023-07-28T07:50:52","guid":{"rendered":"https:\/\/nicehairclinic.com\/la-clinica\/"},"modified":"2025-07-03T10:51:13","modified_gmt":"2025-07-03T08:51:13","slug":"clinica-per-capelli","status":"publish","type":"page","link":"https:\/\/nicehairclinic.com\/it\/clinica-per-capelli\/","title":{"rendered":"La clinica"},"content":{"rendered":"<section>\n\n<div class=\"wp-block-cover alignfull is-light test has-nv-light-bg-color has-text-color\" style=\"min-height:500px;aspect-ratio:unset;\"><img loading=\"lazy\" decoding=\"async\" width=\"2000\" height=\"1125\" class=\"wp-block-cover__image-background wp-image-2569\" alt=\"Clinique de la greffe de cheveux \u00e0 Nice\" src=\"https:\/\/nicehairclinic.com\/wp-content\/uploads\/2023\/09\/nobody-hospital-reception-desk-waiting-room-facility-attend-medical-consultation-appointment-waiting-area-lobby-with-chairs-counter-healthcare-clinic-disease-medicine-min.png\" data-object-fit=\"cover\" srcset=\"https:\/\/nicehairclinic.com\/wp-content\/uploads\/2023\/09\/nobody-hospital-reception-desk-waiting-room-facility-attend-medical-consultation-appointment-waiting-area-lobby-with-chairs-counter-healthcare-clinic-disease-medicine-min.png 2000w, https:\/\/nicehairclinic.com\/wp-content\/uploads\/2023\/09\/nobody-hospital-reception-desk-waiting-room-facility-attend-medical-consultation-appointment-waiting-area-lobby-with-chairs-counter-healthcare-clinic-disease-medicine-min-300x169.png 300w, https:\/\/nicehairclinic.com\/wp-content\/uploads\/2023\/09\/nobody-hospital-reception-desk-waiting-room-facility-attend-medical-consultation-appointment-waiting-area-lobby-with-chairs-counter-healthcare-clinic-disease-medicine-min-1024x576.png 1024w, https:\/\/nicehairclinic.com\/wp-content\/uploads\/2023\/09\/nobody-hospital-reception-desk-waiting-room-facility-attend-medical-consultation-appointment-waiting-area-lobby-with-chairs-counter-healthcare-clinic-disease-medicine-min-768x432.png 768w, https:\/\/nicehairclinic.com\/wp-content\/uploads\/2023\/09\/nobody-hospital-reception-desk-waiting-room-facility-attend-medical-consultation-appointment-waiting-area-lobby-with-chairs-counter-healthcare-clinic-disease-medicine-min-1536x864.png 1536w\" sizes=\"auto, (max-width: 2000px) 100vw, 2000px\" \/><span aria-hidden=\"true\" class=\"wp-block-cover__background has-nv-dark-bg-background-color has-background-dim\"><\/span><div class=\"wp-block-cover__inner-container is-layout-flow wp-block-cover-is-layout-flow\">\n<p class=\"has-nv-site-bg-color has-text-color has-link-color wp-elements-adfd25baa9d958b1020768625eaca75c\">La <strong><a href=\"\/\">clinica per il trapianto di capelli di Nizza<\/a><\/strong> \u00e8 lo specialista del trapianto di capelli a Nizza. Si tratta di una procedura di ripristino dei capelli che offre un barlume di speranza alle persone che soffrono di calvizie permanente, perdita di capelli diffusa o cicatrici.<\/p>\n\n\n\n<div style=\"height:50px\" aria-hidden=\"true\" class=\"wp-block-spacer\"><\/div>\n\n\n\n<div class=\"wp-block-group\"><div class=\"wp-block-group__inner-container is-layout-flow wp-block-group-is-layout-flow\">\n<h1 class=\"wp-block-heading has-text-align-left has-nv-site-bg-color has-text-color\">La clinica per il trapianto di capelli di Nizza<\/h1>\n<\/div><\/div>\n<\/div><\/div>\n\n<div class=\"wp-block-cover alignfull\" style=\"min-height:600px;aspect-ratio:unset;\"><span aria-hidden=\"true\" class=\"wp-block-cover__background has-nv-site-bg-background-color has-background-dim-100 has-background-dim\"><\/span><div class=\"wp-block-cover__inner-container is-layout-flow wp-block-cover-is-layout-flow\">\n<div class=\"wp-block-group\"><div class=\"wp-block-group__inner-container is-layout-flow wp-block-group-is-layout-flow\">\n<div style=\"height:90px\" aria-hidden=\"true\" class=\"wp-block-spacer\"><\/div>\n\n\n\n<div class=\"wp-block-media-text is-stacked-on-mobile is-vertically-aligned-top\"><figure class=\"wp-block-media-text__media\"><img decoding=\"async\" src=\"https:\/\/nicehairclinic.com\/wp-content\/uploads\/2023\/09\/promenade-des-anglais-nice-1-min-1024x682.jpg\" alt=\"Clinica di trapianto di capelli a Nizza\" class=\"wp-image-2449 size-full\"\/><\/figure><div class=\"wp-block-media-text__content\">\n<h2 class=\"wp-block-heading has-nv-dark-bg-color has-text-color has-large-font-size\">Nice Hair Clinic<\/h2>\n\n\n\n<h3 class=\"wp-block-heading has-neve-text-color-color has-text-color has-link-color has-medium-font-size wp-elements-0251114b13a79b10e1f2ae260885570f\">Clinica di trapianto di capelli a Nizza<\/h3>\n\n\n\n<p class=\"has-nv-dark-bg-color has-text-color\">La clinica NHC per il trapianto di capelli si trova nel cuore della Piazza d&#8217;Oro di Nizza, in un ambiente lussuoso, discreto e professionale. Le squadre dell&#8217;NHC che vi lavorano sono state formate e specializzate in questo campo per diversi anni. Hanno esperienza internazionale, in particolare in Portogallo, Brasile e Belgio. Questa esperienza internazionale consente alla clinica NHC di offrire servizi di alta qualit\u00e0 e di rispondere alle esigenze specifiche di ogni paziente. Che tu voglia un trapianto di capelli completo o la correzione della calvizie, il team della clinica NHC sar\u00e0 in grado di supportarti durante tutto il processo, offrendoti un follow-up personalizzato e risultati naturali.<br\/>La clinica dispone di sale per i trapianti riservate esclusivamente a voi, nonch\u00e9 di stanze disponibili per la pausa pranzo o per il riposo. L&#8217;intero team \u00e8 abituato a organizzare il vostro arrivo e il vostro soggiorno prima e dopo i trattamenti.<br\/>Situata a 15 minuti di taxi o tram dall&#8217;aeroporto internazionale di Nizza Costa Azzurra, la clinica \u00e8 facilmente accessibile e pu\u00f2 quindi accogliere tutti i pazienti provenienti dalla Francia e dall&#8217;Europa. <\/p>\n<\/div><\/div>\n\n\n\n<div style=\"height:40px\" aria-hidden=\"true\" class=\"wp-block-spacer\"><\/div>\n<\/div><\/div>\n<\/div><\/div>\n<\/section>\n<section>\n\n<div class=\"wp-block-cover alignfull\" style=\"min-height:600px;aspect-ratio:unset;\"><span aria-hidden=\"true\" class=\"wp-block-cover__background has-nv-dark-bg-background-color has-background-dim-100 has-background-dim\"><\/span><div class=\"wp-block-cover__inner-container is-layout-flow wp-block-cover-is-layout-flow\">\n<div class=\"wp-block-group\"><div class=\"wp-block-group__inner-container is-layout-flow wp-block-group-is-layout-flow\">\n<div style=\"height:90px\" aria-hidden=\"true\" class=\"wp-block-spacer\"><\/div>\n\n\n\n<div class=\"wp-block-media-text has-media-on-the-right is-stacked-on-mobile is-vertically-aligned-top\"><div class=\"wp-block-media-text__content\">\n<h2 class=\"wp-block-heading has-nv-light-bg-color has-text-color has-large-font-size\">Tariffe per il trapianto di capelli a Nizza<\/h2>\n\n\n\n<h3 class=\"wp-block-heading has-medium-font-size\">Trapianto di capelli<\/h3>\n\n\n\n<p class=\"has-nv-light-bg-color has-text-color\">Molti pazienti francesi ed europei si recano in Turchia per il trapianto di capelli, attratti dai prezzi bassi o &#8220;economici&#8221;. Come in Francia, possono imbattersi in centri di qualit\u00e0 o di qualit\u00e0 inferiore, perch\u00e9 i prezzi sono troppo bassi per offrire risultati affidabili e ripetibili.<br\/>Alla clinica NHC ci mettiamo nei panni dei nostri pazienti e vogliamo offrire trapianti di capelli, barba e sopracciglia a un prezzo ragionevole. <br\/><br\/>Nel nostro centro di trapianto di capelli possiamo quindi offrirvi tariffe competitive senza rinunciare alla qualit\u00e0 del risultato, al numero di impianti e all&#8217;alto livello di assistenza specialistica dei nostri medici e chirurghi estetici. Le nostre tariffe partono da 2.000 euro tutto compreso e saranno personalizzate in base alle vostre esigenze. Non esitate a prenotare il vostro primo appuntamento di consulenza-diagnosi in videoconferenza per conoscere la tariffa del vostro trapianto di capelli.<\/p>\n\n\n\n<div class=\"wp-block-buttons is-layout-flex wp-block-buttons-is-layout-flex\">\n<div class=\"wp-block-button is-style-secondary\"><a class=\"wp-block-button__link has-nv-light-bg-color has-text-color wp-element-button\" href=\"https:\/\/nicehairclinic.com\/it\/fissare-un-appuntamento\/\">FISSARE UN APPUNTAMENTO<\/a><\/div>\n<\/div>\n<\/div><figure class=\"wp-block-media-text__media\"><img loading=\"lazy\" decoding=\"async\" width=\"1024\" height=\"682\" src=\"https:\/\/nicehairclinic.com\/wp-content\/uploads\/2023\/09\/close-up-person-doing-online-shopping-min-1024x682.jpg\" alt=\"Clinica di trapianto di capelli a Nizza\" class=\"wp-image-2456 size-full\" srcset=\"https:\/\/nicehairclinic.com\/wp-content\/uploads\/2023\/09\/close-up-person-doing-online-shopping-min-1024x682.jpg 1024w, https:\/\/nicehairclinic.com\/wp-content\/uploads\/2023\/09\/close-up-person-doing-online-shopping-min-300x200.jpg 300w, https:\/\/nicehairclinic.com\/wp-content\/uploads\/2023\/09\/close-up-person-doing-online-shopping-min-768x512.jpg 768w, https:\/\/nicehairclinic.com\/wp-content\/uploads\/2023\/09\/close-up-person-doing-online-shopping-min-1536x1024.jpg 1536w, https:\/\/nicehairclinic.com\/wp-content\/uploads\/2023\/09\/close-up-person-doing-online-shopping-min-930x620.jpg 930w, https:\/\/nicehairclinic.com\/wp-content\/uploads\/2023\/09\/close-up-person-doing-online-shopping-min.jpg 2000w\" sizes=\"auto, (max-width: 1024px) 100vw, 1024px\" \/><\/figure><\/div>\n\n\n\n<div style=\"height:90px\" aria-hidden=\"true\" class=\"wp-block-spacer\"><\/div>\n<\/div><\/div>\n<\/div><\/div>\n<\/section>\n<article>\n\n<div class=\"wp-block-cover alignfull\" style=\"min-height:420px;aspect-ratio:unset;\"><span aria-hidden=\"true\" class=\"wp-block-cover__background has-nv-site-bg-background-color has-background-dim-100 has-background-dim\"><\/span><div class=\"wp-block-cover__inner-container is-layout-flow wp-block-cover-is-layout-flow\">\n<div class=\"wp-block-cover alignfull\" style=\"min-height:420px;aspect-ratio:unset;\"><span aria-hidden=\"true\" class=\"wp-block-cover__background has-nv-site-bg-background-color has-background-dim-100 has-background-dim\"><\/span><div class=\"wp-block-cover__inner-container is-layout-flow wp-block-cover-is-layout-flow\">\n<div style=\"height:80px\" aria-hidden=\"true\" class=\"wp-block-spacer\"><\/div>\n\n\n\n<div class=\"wp-block-columns is-layout-flex wp-container-core-columns-is-layout-9d6595d7 wp-block-columns-is-layout-flex\">\n<div class=\"wp-block-column is-vertically-aligned-top is-layout-flow wp-block-column-is-layout-flow\">\n<div style=\"height:24px\" aria-hidden=\"true\" class=\"wp-block-spacer\"><\/div>\n\n\n<div class=\"wp-block-image icon-style is-style-rounded\">\n<figure class=\"aligncenter size-large is-resized\"><img decoding=\"async\" src=\"\/wp-content\/themes\/neve\/assets\/img\/starter-content\/icon-05.svg\" alt=\"Clinica telefonica per capelli\" style=\"width:42px;height:42px\"\/><\/figure>\n<\/div>\n\n\n<div style=\"height:20px\" aria-hidden=\"true\" class=\"wp-block-spacer\"><\/div>\n\n\n\n<p class=\"has-text-align-center has-neve-text-color-color has-text-color\" style=\"font-size:26px\"><strong>Chiamateci<\/strong><\/p>\n\n\n\n<p class=\"has-text-align-center has-neve-text-color-color has-text-color\" style=\"font-size:15px\"><a href=\"tel:+33627519642\" rel=\"nofollow\" onclick=\"gtag_report_conversion()\">+33(0) 6 27 51 96 42<\/a> | Da luned\u00ec a venerd\u00ec<\/p>\n\n\n\n<div style=\"height:24px\" aria-hidden=\"true\" class=\"wp-block-spacer\"><\/div>\n<\/div>\n\n\n\n<div class=\"wp-block-column is-layout-flow wp-block-column-is-layout-flow\">\n<div style=\"height:24px\" aria-hidden=\"true\" class=\"wp-block-spacer\"><\/div>\n\n\n<div class=\"wp-block-image icon-style is-style-rounded\">\n<figure class=\"aligncenter size-large is-resized\"><img decoding=\"async\" src=\"\/wp-content\/themes\/neve\/assets\/img\/starter-content\/icon-06.svg\" alt=\"Email clinica del capello\" style=\"width:42px;height:42px\"\/><\/figure>\n<\/div>\n\n\n<div style=\"height:20px\" aria-hidden=\"true\" class=\"wp-block-spacer\"><\/div>\n\n\n\n<p class=\"has-text-align-center has-neve-text-color-color has-text-color\" style=\"font-size:26px\"><strong>Inviare un&#8217;e-mail<\/strong><\/p>\n\n\n\n<p class=\"has-text-align-center has-neve-text-color-color has-text-color\"><a href=\"mailto:contact@nicehairclinic.com\">contact@nicehairclinic.com<\/a><\/p>\n\n\n\n<div style=\"height:24px\" aria-hidden=\"true\" class=\"wp-block-spacer\"><\/div>\n<\/div>\n\n\n\n<div class=\"wp-block-column is-layout-flow wp-block-column-is-layout-flow\">\n<div style=\"height:24px\" aria-hidden=\"true\" class=\"wp-block-spacer\"><\/div>\n\n\n<div class=\"wp-block-image icon-style is-style-rounded\">\n<figure class=\"aligncenter size-large is-resized\"><img decoding=\"async\" src=\"\/wp-content\/themes\/neve\/assets\/img\/starter-content\/icon-04.svg\" alt=\"Indirizzo clinica del capello\" style=\"width:42px;height:42px\"\/><\/figure>\n<\/div>\n\n\n<div style=\"height:20px\" aria-hidden=\"true\" class=\"wp-block-spacer\"><\/div>\n\n\n\n<p class=\"has-text-align-center has-neve-text-color-color has-text-color\" style=\"font-size:26px\"><strong>Visitare la clinica per il trapianto di capelli<\/strong><\/p>\n\n\n\n<p class=\"has-text-align-center has-neve-text-color-color has-text-color\" style=\"font-size:15px\"><a href=\"https:\/\/www.google.com\/maps\/place\/Nicehairclinic\/@43.6976824,7.264134,19.12z\/data=!3m1!5s0x12cdd00a16053165:0x7e396668b5ac663b!4m6!3m5!1s0x12cdd1934de6f03d:0x41aecbfd94a50232!8m2!3d43.697859!4d7.2640441!16s%2Fg%2F11l1kwq3fk?hl=en&amp;entry=ttu\" target=\"_blank\" rel=\"noreferrer noopener\">4 rue du docteur Barety, 06000 Nizza<\/a><\/p>\n\n\n\n<div style=\"height:24px\" aria-hidden=\"true\" class=\"wp-block-spacer\"><\/div>\n<\/div>\n<\/div>\n\n\n\n<div style=\"height:30px\" aria-hidden=\"true\" class=\"wp-block-spacer\"><\/div>\n<\/div><\/div>\n<\/div><\/div>\n<\/article>\n","protected":false},"excerpt":{"rendered":"","protected":false},"author":2,"featured_media":1045,"parent":0,"menu_order":0,"comment_status":"closed","ping_status":"closed","template":"","meta":{"_acf_changed":false,"neve_meta_sidebar":"","neve_meta_container":"","neve_meta_enable_content_width":"on","neve_meta_content_width":100,"neve_meta_title_alignment":"","neve_meta_author_avatar":"","neve_post_elements_order":"","neve_meta_disable_header":"","neve_meta_disable_footer":"","neve_meta_disable_title":"on","neve_meta_reading_time":"","footnotes":""},"class_list":["post-1592","page","type-page","status-publish","has-post-thumbnail","hentry"],"acf":[],"yoast_head":"<!-- This site is optimized with the Yoast SEO plugin v27.6 - https:\/\/yoast.com\/product\/yoast-seo-wordpress\/ -->\n<title>Clinica di trapianto di capelli a Nizza<\/title>\n<meta name=\"description\" content=\"Nice Hair Clinic: clinica per trapianto di capelli, barba e sopracciglia a Nizza. Consultazione iniziale gratuita. Consigli, trattamenti e soluzioni.\" \/>\n<meta name=\"robots\" content=\"index, follow, max-snippet:-1, max-image-preview:large, max-video-preview:-1\" \/>\n<link rel=\"canonical\" href=\"https:\/\/nicehairclinic.com\/it\/clinica-per-capelli\/\" \/>\n<meta property=\"og:locale\" content=\"it_IT\" \/>\n<meta property=\"og:type\" content=\"article\" \/>\n<meta property=\"og:title\" content=\"Clinica di trapianto di capelli a Nizza\" \/>\n<meta property=\"og:description\" content=\"Nice Hair Clinic: clinica per trapianto di capelli, barba e sopracciglia a Nizza. Consultazione iniziale gratuita. Consigli, trattamenti e soluzioni.\" \/>\n<meta property=\"og:url\" content=\"https:\/\/nicehairclinic.com\/it\/clinica-per-capelli\/\" \/>\n<meta property=\"og:site_name\" content=\"NICE HAIR CLINIC\" \/>\n<meta property=\"article:modified_time\" content=\"2025-07-03T08:51:13+00:00\" \/>\n<meta property=\"og:image\" content=\"https:\/\/nicehairclinic.com\/wp-content\/uploads\/2023\/08\/cropped-cropped-logo2_transparent.png\" \/>\n\t<meta property=\"og:image:width\" content=\"200\" \/>\n\t<meta property=\"og:image:height\" content=\"50\" \/>\n\t<meta property=\"og:image:type\" content=\"image\/png\" \/>\n<meta name=\"twitter:card\" content=\"summary_large_image\" \/>\n<meta name=\"twitter:label1\" content=\"Tempo di lettura stimato\" \/>\n\t<meta name=\"twitter:data1\" content=\"2 minuti\" \/>\n<script type=\"application\/ld+json\" class=\"yoast-schema-graph\">{\"@context\":\"https:\\\/\\\/schema.org\",\"@graph\":[{\"@type\":\"WebPage\",\"@id\":\"https:\\\/\\\/nicehairclinic.com\\\/it\\\/clinica-per-capelli\\\/\",\"url\":\"https:\\\/\\\/nicehairclinic.com\\\/it\\\/clinica-per-capelli\\\/\",\"name\":\"Clinica di trapianto di capelli a Nizza\",\"isPartOf\":{\"@id\":\"https:\\\/\\\/nicehairclinic.com\\\/it\\\/#website\"},\"primaryImageOfPage\":{\"@id\":\"https:\\\/\\\/nicehairclinic.com\\\/it\\\/clinica-per-capelli\\\/#primaryimage\"},\"image\":{\"@id\":\"https:\\\/\\\/nicehairclinic.com\\\/it\\\/clinica-per-capelli\\\/#primaryimage\"},\"thumbnailUrl\":\"https:\\\/\\\/nicehairclinic.com\\\/wp-content\\\/uploads\\\/2023\\\/08\\\/cropped-cropped-logo2_transparent.png\",\"datePublished\":\"2023-07-28T07:50:52+00:00\",\"dateModified\":\"2025-07-03T08:51:13+00:00\",\"description\":\"Nice Hair Clinic: clinica per trapianto di capelli, barba e sopracciglia a Nizza. Consultazione iniziale gratuita. Consigli, trattamenti e soluzioni.\",\"breadcrumb\":{\"@id\":\"https:\\\/\\\/nicehairclinic.com\\\/it\\\/clinica-per-capelli\\\/#breadcrumb\"},\"inLanguage\":\"it-IT\",\"potentialAction\":[{\"@type\":\"ReadAction\",\"target\":[\"https:\\\/\\\/nicehairclinic.com\\\/it\\\/clinica-per-capelli\\\/\"]}]},{\"@type\":\"ImageObject\",\"inLanguage\":\"it-IT\",\"@id\":\"https:\\\/\\\/nicehairclinic.com\\\/it\\\/clinica-per-capelli\\\/#primaryimage\",\"url\":\"https:\\\/\\\/nicehairclinic.com\\\/wp-content\\\/uploads\\\/2023\\\/08\\\/cropped-cropped-logo2_transparent.png\",\"contentUrl\":\"https:\\\/\\\/nicehairclinic.com\\\/wp-content\\\/uploads\\\/2023\\\/08\\\/cropped-cropped-logo2_transparent.png\",\"width\":200,\"height\":50,\"caption\":\"Clinique du cheveu logo\"},{\"@type\":\"BreadcrumbList\",\"@id\":\"https:\\\/\\\/nicehairclinic.com\\\/it\\\/clinica-per-capelli\\\/#breadcrumb\",\"itemListElement\":[{\"@type\":\"ListItem\",\"position\":1,\"name\":\"Accueil\",\"item\":\"https:\\\/\\\/nicehairclinic.com\\\/it\\\/\"},{\"@type\":\"ListItem\",\"position\":2,\"name\":\"La clinica\"}]},{\"@type\":\"WebSite\",\"@id\":\"https:\\\/\\\/nicehairclinic.com\\\/it\\\/#website\",\"url\":\"https:\\\/\\\/nicehairclinic.com\\\/it\\\/\",\"name\":\"NICE HAIR CLINIC\",\"description\":\"\",\"publisher\":{\"@id\":\"https:\\\/\\\/nicehairclinic.com\\\/it\\\/#organization\"},\"potentialAction\":[{\"@type\":\"SearchAction\",\"target\":{\"@type\":\"EntryPoint\",\"urlTemplate\":\"https:\\\/\\\/nicehairclinic.com\\\/it\\\/?s={search_term_string}\"},\"query-input\":{\"@type\":\"PropertyValueSpecification\",\"valueRequired\":true,\"valueName\":\"search_term_string\"}}],\"inLanguage\":\"it-IT\"},{\"@type\":\"Organization\",\"@id\":\"https:\\\/\\\/nicehairclinic.com\\\/it\\\/#organization\",\"name\":\"NICE HAIR CLINIC\",\"url\":\"https:\\\/\\\/nicehairclinic.com\\\/it\\\/\",\"logo\":{\"@type\":\"ImageObject\",\"inLanguage\":\"it-IT\",\"@id\":\"https:\\\/\\\/nicehairclinic.com\\\/it\\\/#\\\/schema\\\/logo\\\/image\\\/\",\"url\":\"https:\\\/\\\/nicehairclinic.com\\\/wp-content\\\/uploads\\\/2023\\\/08\\\/logo2_blanc.png\",\"contentUrl\":\"https:\\\/\\\/nicehairclinic.com\\\/wp-content\\\/uploads\\\/2023\\\/08\\\/logo2_blanc.png\",\"width\":1024,\"height\":1024,\"caption\":\"NICE HAIR CLINIC\"},\"image\":{\"@id\":\"https:\\\/\\\/nicehairclinic.com\\\/it\\\/#\\\/schema\\\/logo\\\/image\\\/\"}}]}<\/script>\n<!-- \/ Yoast SEO plugin. -->","yoast_head_json":{"title":"Clinica di trapianto di capelli a Nizza","description":"Nice Hair Clinic: clinica per trapianto di capelli, barba e sopracciglia a Nizza. Consultazione iniziale gratuita. Consigli, trattamenti e soluzioni.","robots":{"index":"index","follow":"follow","max-snippet":"max-snippet:-1","max-image-preview":"max-image-preview:large","max-video-preview":"max-video-preview:-1"},"canonical":"https:\/\/nicehairclinic.com\/it\/clinica-per-capelli\/","og_locale":"it_IT","og_type":"article","og_title":"Clinica di trapianto di capelli a Nizza","og_description":"Nice Hair Clinic: clinica per trapianto di capelli, barba e sopracciglia a Nizza. Consultazione iniziale gratuita. Consigli, trattamenti e soluzioni.","og_url":"https:\/\/nicehairclinic.com\/it\/clinica-per-capelli\/","og_site_name":"NICE HAIR CLINIC","article_modified_time":"2025-07-03T08:51:13+00:00","og_image":[{"width":200,"height":50,"url":"https:\/\/nicehairclinic.com\/wp-content\/uploads\/2023\/08\/cropped-cropped-logo2_transparent.png","type":"image\/png"}],"twitter_card":"summary_large_image","twitter_misc":{"Tempo di lettura stimato":"2 minuti"},"schema":{"@context":"https:\/\/schema.org","@graph":[{"@type":"WebPage","@id":"https:\/\/nicehairclinic.com\/it\/clinica-per-capelli\/","url":"https:\/\/nicehairclinic.com\/it\/clinica-per-capelli\/","name":"Clinica di trapianto di capelli a Nizza","isPartOf":{"@id":"https:\/\/nicehairclinic.com\/it\/#website"},"primaryImageOfPage":{"@id":"https:\/\/nicehairclinic.com\/it\/clinica-per-capelli\/#primaryimage"},"image":{"@id":"https:\/\/nicehairclinic.com\/it\/clinica-per-capelli\/#primaryimage"},"thumbnailUrl":"https:\/\/nicehairclinic.com\/wp-content\/uploads\/2023\/08\/cropped-cropped-logo2_transparent.png","datePublished":"2023-07-28T07:50:52+00:00","dateModified":"2025-07-03T08:51:13+00:00","description":"Nice Hair Clinic: clinica per trapianto di capelli, barba e sopracciglia a Nizza. Consultazione iniziale gratuita. Consigli, trattamenti e soluzioni.","breadcrumb":{"@id":"https:\/\/nicehairclinic.com\/it\/clinica-per-capelli\/#breadcrumb"},"inLanguage":"it-IT","potentialAction":[{"@type":"ReadAction","target":["https:\/\/nicehairclinic.com\/it\/clinica-per-capelli\/"]}]},{"@type":"ImageObject","inLanguage":"it-IT","@id":"https:\/\/nicehairclinic.com\/it\/clinica-per-capelli\/#primaryimage","url":"https:\/\/nicehairclinic.com\/wp-content\/uploads\/2023\/08\/cropped-cropped-logo2_transparent.png","contentUrl":"https:\/\/nicehairclinic.com\/wp-content\/uploads\/2023\/08\/cropped-cropped-logo2_transparent.png","width":200,"height":50,"caption":"Clinique du cheveu logo"},{"@type":"BreadcrumbList","@id":"https:\/\/nicehairclinic.com\/it\/clinica-per-capelli\/#breadcrumb","itemListElement":[{"@type":"ListItem","position":1,"name":"Accueil","item":"https:\/\/nicehairclinic.com\/it\/"},{"@type":"ListItem","position":2,"name":"La clinica"}]},{"@type":"WebSite","@id":"https:\/\/nicehairclinic.com\/it\/#website","url":"https:\/\/nicehairclinic.com\/it\/","name":"NICE HAIR CLINIC","description":"","publisher":{"@id":"https:\/\/nicehairclinic.com\/it\/#organization"},"potentialAction":[{"@type":"SearchAction","target":{"@type":"EntryPoint","urlTemplate":"https:\/\/nicehairclinic.com\/it\/?s={search_term_string}"},"query-input":{"@type":"PropertyValueSpecification","valueRequired":true,"valueName":"search_term_string"}}],"inLanguage":"it-IT"},{"@type":"Organization","@id":"https:\/\/nicehairclinic.com\/it\/#organization","name":"NICE HAIR CLINIC","url":"https:\/\/nicehairclinic.com\/it\/","logo":{"@type":"ImageObject","inLanguage":"it-IT","@id":"https:\/\/nicehairclinic.com\/it\/#\/schema\/logo\/image\/","url":"https:\/\/nicehairclinic.com\/wp-content\/uploads\/2023\/08\/logo2_blanc.png","contentUrl":"https:\/\/nicehairclinic.com\/wp-content\/uploads\/2023\/08\/logo2_blanc.png","width":1024,"height":1024,"caption":"NICE HAIR CLINIC"},"image":{"@id":"https:\/\/nicehairclinic.com\/it\/#\/schema\/logo\/image\/"}}]}},"_links":{"self":[{"href":"https:\/\/nicehairclinic.com\/it\/wp-json\/wp\/v2\/pages\/1592","targetHints":{"allow":["GET"]}}],"collection":[{"href":"https:\/\/nicehairclinic.com\/it\/wp-json\/wp\/v2\/pages"}],"about":[{"href":"https:\/\/nicehairclinic.com\/it\/wp-json\/wp\/v2\/types\/page"}],"author":[{"embeddable":true,"href":"https:\/\/nicehairclinic.com\/it\/wp-json\/wp\/v2\/users\/2"}],"replies":[{"embeddable":true,"href":"https:\/\/nicehairclinic.com\/it\/wp-json\/wp\/v2\/comments?post=1592"}],"version-history":[{"count":40,"href":"https:\/\/nicehairclinic.com\/it\/wp-json\/wp\/v2\/pages\/1592\/revisions"}],"predecessor-version":[{"id":9603,"href":"https:\/\/nicehairclinic.com\/it\/wp-json\/wp\/v2\/pages\/1592\/revisions\/9603"}],"wp:featuredmedia":[{"embeddable":true,"href":"https:\/\/nicehairclinic.com\/it\/wp-json\/wp\/v2\/media\/1045"}],"wp:attachment":[{"href":"https:\/\/nicehairclinic.com\/it\/wp-json\/wp\/v2\/media?parent=1592"}],"curies":[{"name":"wp","href":"https:\/\/api.w.org\/{rel}","templated":true}]}}